{"id":1167,"date":"2024-01-13T19:29:24","date_gmt":"2024-01-13T17:29:24","guid":{"rendered":"https:\/\/www.belgianboilercompany.com\/industriele-verwarmingsketels\/"},"modified":"2025-09-26T12:12:49","modified_gmt":"2025-09-26T10:12:49","slug":"chaudiere-de-chauffage-industriel","status":"publish","type":"page","link":"https:\/\/www.belgianboilercompany.com\/fr\/chaudiere-de-chauffage-industriel\/","title":{"rendered":"Chaudi\u00e8re de chauffage industriel"},"content":{"rendered":"<section class=\"l-section wpb_row detailpage height_auto\"><div class=\"l-section-h i-cf\"><div class=\"g-cols vc_row via_flex valign_bottom type_default stacking_default\"><div class=\"vc_col-sm-12 vc_col-lg-6 vc_col-md-6 vc_col-xs-12 wpb_column vc_column_container has_bg_color stretched\"><div class=\"vc_column-inner us_custom_789895d6\"><div class=\"wpb_wrapper\"><div class=\"w-image us_custom_c5d3aabb has_height align_none\"><div class=\"w-image-h\"><img decoding=\"async\" width=\"496\" height=\"1024\" src=\"https:\/\/www.belgianboilercompany.com\/wp-content\/uploads\/2024\/01\/Left-image-small-496x1024.png\" class=\"attachment-large size-large\" alt=\"\" loading=\"lazy\" srcset=\"https:\/\/www.belgianboilercompany.com\/wp-content\/uploads\/2024\/01\/Left-image-small-496x1024.png 496w, https:\/\/www.belgianboilercompany.com\/wp-content\/uploads\/2024\/01\/Left-image-small-145x300.png 145w, https:\/\/www.belgianboilercompany.com\/wp-content\/uploads\/2024\/01\/Left-image-small.png 650w\" sizes=\"auto, (max-width: 496px) 100vw, 496px\" \/><\/div><\/div><\/div><\/div><\/div><div class=\"vc_col-sm-1 vc_hidden-md vc_hidden-sm vc_hidden-xs wpb_column vc_column_container\"><div class=\"vc_column-inner\"><div class=\"wpb_wrapper\"><\/div><\/div><\/div><div class=\"vc_col-sm-12 vc_col-lg-5 vc_col-md-6 vc_col-xs-12 wpb_column vc_column_container\"><div class=\"vc_column-inner\"><div class=\"wpb_wrapper\"><div class=\"wpb_text_column brdrtxt\"><div class=\"wpb_wrapper\"><h1>Chaudi\u00e8re de chauffage industriel<\/h1>\n<\/div><\/div><div class=\"w-separator size_huge\"><\/div><div class=\"wpb_text_column redtxt\"><div class=\"wpb_wrapper\"><p>Les chaudi\u00e8res industrielles sont d&rsquo;une grande importance, non seulement dans l&rsquo;industrie, mais aussi dans le secteur tertiaire. Les chaudi\u00e8res modernes sont tr\u00e8s efficaces et \u00e9conomes en \u00e9nergie, ce qui les rend id\u00e9ales pour les applications industrielles o\u00f9 les \u00e9conomies d&rsquo;\u00e9nergie et la ma\u00eetrise des co\u00fbts sont essentielles.<\/p>\n<\/div><\/div><div class=\"w-separator size_huge\"><\/div><div class=\"w-btn-wrapper align_none\"><a class=\"w-btn us-btn-style_2 us_custom_f77c4fa6 brdrbtnblue longer\" href=\"https:\/\/www.belgianboilercompany.com\/fr\/contact\/\"><span class=\"w-btn-label\">CONTACTEZ-NOUS<\/span><\/a><\/div><\/div><\/div><\/div><\/div><\/div><\/section><section class=\"l-section wpb_row us_custom_9ccc05f2 height_large\"><div class=\"l-section-h i-cf\"><div class=\"g-cols vc_row via_flex valign_top type_default stacking_default\"><div class=\"vc_col-sm-12 wpb_column vc_column_container\"><div class=\"vc_column-inner\"><div class=\"wpb_wrapper\"><div class=\"w-grid us_grid maingrid type_grid layout_174 cols_2 preload_style_spinner\" id=\"us_grid_1\" style=\"--columns:2;--gap:1rem;\"><style>@media (max-width:767px){#us_grid_1{--columns:1!important}}.layout_174 .w-grid-item-h{}.layout_174 .usg_vwrapper_3{background:#ffffff!important}.layout_174 .usg_text_1{font-weight:700!important}.layout_174 .usg_vwrapper_1{background:#ffffff!important}<\/style><div class=\"w-grid-list\">\t<article class=\"w-grid-item size_1x1 post-1361 page type-page status-publish hentry\" data-id=\"1361\">\r\n\t\t<div class=\"w-grid-item-h\">\r\n\t\t\t\t\t\t<div class=\"w-vwrapper usg_vwrapper_3 align_none valign_top\"><h3 class=\"w-post-elm post_title usg_post_title_1 entry-title color_link_inherit\"><a href=\"https:\/\/www.belgianboilercompany.com\/fr\/location-dune-chaudiere-de-chauffage-industriel\/\">Location d\u2019une chaudi\u00e8re de chauffage industriel<\/a><\/h3><p class=\"w-text usg_text_1 moreinfo icon_atright\"><a href=\"https:\/\/www.belgianboilercompany.com\/fr\/location-dune-chaudiere-de-chauffage-industriel\/\" class=\"w-text-h\"><span class=\"w-text-value\">PLUS D&rsquo;INFOS<\/span><i class=\"fas fa-plus\"><\/i><\/a><\/p><\/div><div class=\"w-vwrapper usg_vwrapper_1 align_none valign_top\"><p class=\"w-post-elm post_custom_field usg_post_custom_field_1 type_text extra_info color_link_inherit\"><span class=\"w-post-elm-value\">La location d'une chaudi\u00e8re industrielle mobile peut \u00eatre une solution rentable et pratique pour les entreprises qui n'ont qu'un besoin temporaire ou \u00e0 court terme de capacit\u00e9 suppl\u00e9mentaire ou qui ne veulent pas r\u00e9aliser un investissement initial important.<\/span><\/p><\/div>\t\t<\/div>\r\n\t\t\t<\/article>\r\n\t<article class=\"w-grid-item size_1x1 post-1261 page type-page status-publish hentry\" data-id=\"1261\">\r\n\t\t<div class=\"w-grid-item-h\">\r\n\t\t\t\t\t\t<div class=\"w-vwrapper usg_vwrapper_3 align_none valign_top\"><h3 class=\"w-post-elm post_title usg_post_title_1 entry-title color_link_inherit\"><a href=\"https:\/\/www.belgianboilercompany.com\/fr\/projets-globaux\/\">Projets globaux<\/a><\/h3><p class=\"w-text usg_text_1 moreinfo icon_atright\"><a href=\"https:\/\/www.belgianboilercompany.com\/fr\/projets-globaux\/\" class=\"w-text-h\"><span class=\"w-text-value\">PLUS D&rsquo;INFOS<\/span><i class=\"fas fa-plus\"><\/i><\/a><\/p><\/div><div class=\"w-vwrapper usg_vwrapper_1 align_none valign_top\"><p class=\"w-post-elm post_custom_field usg_post_custom_field_1 type_text extra_info color_link_inherit\"><span class=\"w-post-elm-value\">Chez BBC, nous sommes sp\u00e9cialis\u00e9s dans les projets cl\u00e9s en main, qu'il s'agisse d'une nouvelle installation ou d'un remplacement. Notre \u00e9quipe prend en charge l'ing\u00e9nierie de A \u00e0 Z, en collaboration avec le client.   <\/span><\/p><\/div>\t\t<\/div>\r\n\t\t\t<\/article>\r\n<\/div>\t<div class=\"w-grid-preloader\">\r\n\t\t<div class=\"g-preloader type_1\">\r\n\t\t\t<div><\/div>\r\n\t\t<\/div>\r\n\t<\/div>\r\n\t\t<div class=\"w-grid-json hidden\" onclick='return {&quot;action&quot;:&quot;us_ajax_grid&quot;,&quot;infinite_scroll&quot;:0,&quot;max_num_pages&quot;:1,&quot;pagination&quot;:&quot;none&quot;,&quot;template_vars&quot;:{&quot;columns&quot;:&quot;2&quot;,&quot;exclude_items&quot;:&quot;none&quot;,&quot;img_size&quot;:&quot;default&quot;,&quot;ignore_items_size&quot;:0,&quot;items_layout&quot;:&quot;174&quot;,&quot;items_offset&quot;:&quot;1&quot;,&quot;load_animation&quot;:&quot;none&quot;,&quot;overriding_link&quot;:&quot;%7B%22url%22%3A%22%22%7D&quot;,&quot;post_id&quot;:0,&quot;query_args&quot;:{&quot;ignore_sticky_posts&quot;:1,&quot;post_type&quot;:&quot;any&quot;,&quot;post__in&quot;:[&quot;53&quot;,&quot;47&quot;],&quot;posts_per_page&quot;:999},&quot;orderby_query_args&quot;:{&quot;orderby&quot;:{&quot;post__in&quot;:&quot;ASC&quot;},&quot;order&quot;:&quot;ASC&quot;},&quot;type&quot;:&quot;grid&quot;,&quot;us_grid_post_type&quot;:&quot;ids&quot;,&quot;us_grid_ajax_index&quot;:1,&quot;us_grid_filter_query_string&quot;:null,&quot;us_grid_index&quot;:1,&quot;page_args&quot;:[],&quot;lang&quot;:&quot;fr&quot;}}'><\/div>\r\n\t<\/div><\/div><\/div><\/div><\/div><\/div><\/section><section class=\"l-section wpb_row us_custom_9ccc05f2 padleftzero imgcarroussel height_auto\"><div class=\"l-section-h i-cf\"><div class=\"g-cols vc_row via_flex valign_middle type_default stacking_default\"><div class=\"vc_col-sm-6 vc_col-xs-12 wpb_column vc_column_container\"><div class=\"vc_column-inner\"><div class=\"wpb_wrapper\"><div class=\"w-separator size_huge\"><\/div><div class=\"wpb_text_column us_custom_6df4bc3a brdrtxtwhite has_text_color\"><div class=\"wpb_wrapper\"><h2>Notre gamme de chaudi\u00e8res industrielles<\/h2>\n<\/div><\/div><div class=\"w-separator size_medium\"><\/div><div class=\"wpb_text_column us_custom_6df4bc3a has_text_color\"><div class=\"wpb_wrapper\"><p>BBC propose des chaudi\u00e8res industrielles (jusqu&rsquo;\u00e0 110\u00b0C) entre 1 MW et 38 MW, avec ou sans \u00e9conomiseurs et\/ou condenseurs de gaz de combustion pour optimiser l&rsquo;efficacit\u00e9 de l&rsquo;installation. Notre gamme de produits comprend \u00e9galement des chaudi\u00e8res \u00e0 eau chaude surchauff\u00e9e. Ces chaudi\u00e8res sont disponibles en diff\u00e9rentes capacit\u00e9s (jusqu&rsquo;\u00e0 38 MW) et \u00e0 des temp\u00e9ratures allant jusqu&rsquo;\u00e0 225 \u00b0C.<\/p>\n<\/div><\/div><div class=\"w-separator size_medium\"><\/div><div class=\"wpb_text_column us_custom_6df4bc3a has_text_color\"><div class=\"wpb_wrapper\"><p><strong>Applications<\/strong><\/p>\n<p>Les chaudi\u00e8res industrielles sont utilis\u00e9es dans un large \u00e9ventail de domaines d&rsquo;application dans l&rsquo;industrie, notamment les industries agroalimentaire, pharmaceutique, textile, chimique et papeti\u00e8re. Elles servent \u00e0 fournir de l&rsquo;eau chaude pour le chauffage, le nettoyage, les sanitaires et tout autre processus de production.<\/p>\n<\/div><\/div><div class=\"w-separator size_medium\"><\/div><div class=\"w-btn-wrapper align_right\"><a class=\"w-btn us-btn-style_2 stickmeright brdrbtnwhite longer\" href=\"https:\/\/www.belgianboilercompany.com\/fr\/contact\/\"><span class=\"w-btn-label\">CONTACTEZ-NOUS<\/span><\/a><\/div><div class=\"w-separator size_huge\"><\/div><\/div><\/div><\/div><div class=\"vc_col-sm-6 vc_col-xs-12 wpb_column vc_column_container stretched\"><div class=\"vc_column-inner\"><div class=\"wpb_wrapper\"><div class=\"w-grid us_carousel mheight type_carousel layout_235 preload_style_spinner\" id=\"us_grid_2\"><style>.layout_235 .w-grid-item-h{}<\/style><div class=\"w-grid-list owl-carousel valign_stretch dotstyle_circle navstyle_circle arrows-ver-pos_middle arrows-hor-pos_on_sides_outside arrows-disabled_hide owl-responsive-2000 with_dots\" style=\"--transition-duration:350ms;\">\t<article class=\"w-grid-item post-985 attachment type-attachment status-inherit hentry\" data-id=\"985\">\r\n\t\t<div class=\"w-grid-item-h\">\r\n\t\t\t\t\t\t<div class=\"w-image usg_image_1\"><div class=\"w-image-h\"><img decoding=\"async\" width=\"1024\" height=\"815\" src=\"https:\/\/www.belgianboilercompany.com\/wp-content\/uploads\/2024\/03\/UTL_1-1024x815.jpg\" class=\"attachment-large size-large\" alt=\"\" loading=\"lazy\" srcset=\"https:\/\/www.belgianboilercompany.com\/wp-content\/uploads\/2024\/03\/UTL_1-1024x815.jpg 1024w, https:\/\/www.belgianboilercompany.com\/wp-content\/uploads\/2024\/03\/UTL_1-300x239.jpg 300w, https:\/\/www.belgianboilercompany.com\/wp-content\/uploads\/2024\/03\/UTL_1.jpg 2000w\" sizes=\"auto, (max-width: 1024px) 100vw, 1024px\" \/><\/div><\/div>\t\t<\/div>\r\n\t\t\t<\/article>\r\n\t<article class=\"w-grid-item post-982 attachment type-attachment status-inherit hentry\" data-id=\"982\">\r\n\t\t<div class=\"w-grid-item-h\">\r\n\t\t\t\t\t\t<div class=\"w-image usg_image_1\"><div class=\"w-image-h\"><img decoding=\"async\" width=\"1024\" height=\"768\" src=\"https:\/\/www.belgianboilercompany.com\/wp-content\/uploads\/2024\/03\/IMG_9621-1024x768.jpg\" class=\"attachment-large size-large\" alt=\"\" loading=\"lazy\" srcset=\"https:\/\/www.belgianboilercompany.com\/wp-content\/uploads\/2024\/03\/IMG_9621-1024x768.jpg 1024w, https:\/\/www.belgianboilercompany.com\/wp-content\/uploads\/2024\/03\/IMG_9621-300x225.jpg 300w, https:\/\/www.belgianboilercompany.com\/wp-content\/uploads\/2024\/03\/IMG_9621.jpg 2000w\" sizes=\"auto, (max-width: 1024px) 100vw, 1024px\" \/><\/div><\/div>\t\t<\/div>\r\n\t\t\t<\/article>\r\n\t<article class=\"w-grid-item post-986 attachment type-attachment status-inherit hentry\" data-id=\"986\">\r\n\t\t<div class=\"w-grid-item-h\">\r\n\t\t\t\t\t\t<div class=\"w-image usg_image_1\"><div class=\"w-image-h\"><img decoding=\"async\" width=\"1024\" height=\"682\" src=\"https:\/\/www.belgianboilercompany.com\/wp-content\/uploads\/2024\/03\/UTL-1024x682.jpg\" class=\"attachment-large size-large\" alt=\"\" loading=\"lazy\" srcset=\"https:\/\/www.belgianboilercompany.com\/wp-content\/uploads\/2024\/03\/UTL-1024x682.jpg 1024w, https:\/\/www.belgianboilercompany.com\/wp-content\/uploads\/2024\/03\/UTL-300x200.jpg 300w, https:\/\/www.belgianboilercompany.com\/wp-content\/uploads\/2024\/03\/UTL.jpg 2000w\" sizes=\"auto, (max-width: 1024px) 100vw, 1024px\" \/><\/div><\/div>\t\t<\/div>\r\n\t\t\t<\/article>\r\n<\/div><div class=\"w-grid-carousel-json hidden\" onclick='return {&quot;carousel_settings&quot;:{&quot;aria_labels&quot;:{&quot;prev&quot;:&quot;Pr\\u00e9c\\u00e9dent&quot;,&quot;next&quot;:&quot;Suivant&quot;},&quot;autoplayContinual&quot;:false,&quot;autoplayHoverPause&quot;:false,&quot;autoplayTimeout&quot;:3000,&quot;autoWidth&quot;:false,&quot;smartSpeed&quot;:350,&quot;margin&quot;:0,&quot;mouseDrag&quot;:true,&quot;rtl&quot;:false,&quot;slideBy&quot;:&quot;1&quot;,&quot;touchDrag&quot;:true,&quot;slideTransition&quot;:&quot;&quot;,&quot;responsive&quot;:{&quot;0&quot;:{&quot;autoHeight&quot;:false,&quot;autoplay&quot;:false,&quot;autoWidth&quot;:false,&quot;center&quot;:false,&quot;dots&quot;:true,&quot;items&quot;:1,&quot;loop&quot;:true,&quot;nav&quot;:false,&quot;stagePadding&quot;:0,&quot;slideBy&quot;:&quot;1&quot;},&quot;768&quot;:{&quot;autoHeight&quot;:false,&quot;autoplay&quot;:false,&quot;autoWidth&quot;:false,&quot;center&quot;:false,&quot;dots&quot;:true,&quot;items&quot;:1,&quot;loop&quot;:true,&quot;nav&quot;:false,&quot;stagePadding&quot;:0,&quot;slideBy&quot;:&quot;1&quot;},&quot;1025&quot;:{&quot;autoHeight&quot;:false,&quot;autoplay&quot;:false,&quot;autoWidth&quot;:false,&quot;center&quot;:false,&quot;dots&quot;:true,&quot;items&quot;:1,&quot;loop&quot;:true,&quot;nav&quot;:false,&quot;stagePadding&quot;:0,&quot;slideBy&quot;:&quot;1&quot;},&quot;1401&quot;:{&quot;items&quot;:1,&quot;autoplay&quot;:true,&quot;center&quot;:false,&quot;dots&quot;:true,&quot;nav&quot;:false,&quot;autoHeight&quot;:false,&quot;autoWidth&quot;:false,&quot;loop&quot;:true,&quot;stagePadding&quot;:0}}}}'><\/div><\/div><\/div><\/div><\/div><\/div><\/div><\/section><section class=\"l-section wpb_row height_large\"><div class=\"l-section-h i-cf\"><div class=\"g-cols vc_row via_flex valign_top type_default stacking_default\" style=\"--additional-gap:10px;\"><div class=\"vc_col-sm-6 wpb_column vc_column_container\"><div class=\"vc_column-inner\"><div class=\"wpb_wrapper\"><div class=\"wpb_text_column brdrtxt\"><div class=\"wpb_wrapper\"><h2>Efficacit\u00e9<\/h2>\n<\/div><\/div><div class=\"w-separator size_medium\"><\/div><div class=\"wpb_text_column\"><div class=\"wpb_wrapper\"><p>Les chaudi\u00e8res industrielles modernes sont tr\u00e8s efficaces et \u00e9conomes en \u00e9nergie, ce qui les rend id\u00e9ales pour les applications industrielles o\u00f9 les \u00e9conomies d&rsquo;\u00e9nergie et la ma\u00eetrise des co\u00fbts sont essentielles. Les technologies et mat\u00e9riaux innovants, tels que les chaudi\u00e8res \u00e0 condensation, peuvent permettre de r\u00e9aliser des \u00e9conomies importantes sur les factures d&rsquo;\u00e9nergie et de r\u00e9duire les \u00e9missions de CO2.<\/p>\n<\/div><\/div><\/div><\/div><\/div><div class=\"vc_col-sm-6 wpb_column vc_column_container\"><div class=\"vc_column-inner\"><div class=\"wpb_wrapper\"><div class=\"wpb_text_column brdrtxt\"><div class=\"wpb_wrapper\"><h2>Avantages<\/h2>\n<\/div><\/div><div class=\"w-separator size_medium\"><\/div><div class=\"wpb_text_column\"><div class=\"wpb_wrapper\"><p>Les chaudi\u00e8res industrielles offrent plusieurs avantages par rapport \u00e0 d&rsquo;autres sources d&rsquo;eau chaude, notamment<\/p>\n<ul>\n<li>Haute fiabilit\u00e9<\/li>\n<li>La long\u00e9vit\u00e9,<\/li>\n<li>R\u00e9partition uniforme et confortable de la chaleur<\/li>\n<li>La capacit\u00e9 de fonctionner avec diff\u00e9rents types de combustible, tels que le gaz naturel, le mazout de chauffage, le biogaz et l&rsquo;hydrog\u00e8ne.<\/li>\n<li>Un co\u00fbt d&rsquo;investissement relativement faible<\/li>\n<\/ul>\n<\/div><\/div><\/div><\/div><\/div><\/div><\/div><\/section><section class=\"l-section wpb_row us_custom_045d0d38 height_auto width_full\"><div class=\"l-section-h i-cf\"><div class=\"g-cols vc_row via_flex valign_top type_default stacking_default\"><div class=\"vc_col-sm-12 wpb_column vc_column_container\"><div class=\"vc_column-inner\"><div class=\"wpb_wrapper\"><\/div><\/div><\/div><\/div><\/div><\/section><section class=\"l-section wpb_row us_custom_4a1b96d7 height_large\"><div class=\"l-section-h i-cf\"><div class=\"g-cols vc_row via_flex valign_top type_default stacking_default\"><div class=\"vc_col-sm-12 wpb_column vc_column_container\"><div class=\"vc_column-inner\"><div class=\"wpb_wrapper\"><div class=\"g-cols wpb_row via_flex valign_top type_default stacking_default\"><div class=\"vc_col-sm-12 wpb_column vc_column_container\"><div class=\"vc_column-inner\"><div class=\"wpb_wrapper\"><div class=\"wpb_text_column brdrtxt\"><div class=\"wpb_wrapper\"><h2>R\u00e9alisations<\/h2>\n<\/div><\/div><\/div><\/div><\/div><\/div><div class=\"g-cols wpb_row via_flex valign_top type_default stacking_default\"><div class=\"vc_col-sm-12 wpb_column vc_column_container\"><div class=\"vc_column-inner\"><div class=\"wpb_wrapper\"><div class=\"w-btn-wrapper align_right\"><a class=\"w-btn us-btn-style_2 stickmetopright brdrbtnblue longer\" href=\"https:\/\/www.belgianboilercompany.com\/fr\/realisations\/\"><span class=\"w-btn-label\">PLUS D&rsquo;INFORMATIONS<\/span><\/a><\/div><\/div><\/div><\/div><\/div><div class=\"w-grid us_carousel refcarroussel type_carousel layout_257 preload_style_spinner items_3\" id=\"us_grid_3\" style=\"--items:3;--gap:1rem;\"><style>.layout_257 .w-grid-item-h{}.layout_257 .usg_post_image_1{transition-duration:0.3s;transform-origin:50% 50%;transform:scale(1) translate(0%,0%)}.layout_257 .w-grid-item-h:focus-within .usg_post_image_1,.layout_257 .w-grid-item-h:hover .usg_post_image_1{transform:scale(1.5) translate(0%,0%);opacity:1}.layout_257 .usg_vwrapper_3{background:#ffffff!important}.layout_257 .usg_text_1{font-weight:700!important}.layout_257 .usg_vwrapper_1{background:#ffffff!important}<\/style><div class=\"w-grid-list owl-carousel valign_stretch dotstyle_circle navstyle_circle arrows-ver-pos_middle arrows-hor-pos_on_sides_outside arrows-disabled_hide owl-responsive-2000 with_dots\" style=\"--transition-duration:350ms;\">\t<article class=\"w-grid-item post-1333 referentie type-referentie status-publish has-post-thumbnail hentry\" data-id=\"1333\">\r\n\t\t<div class=\"w-grid-item-h\">\r\n\t\t\t\t\t\t<div class=\"w-vwrapper usg_vwrapper_3 align_none valign_top\"><h3 class=\"w-post-elm post_title usg_post_title_1 entry-title color_link_inherit\"><a href=\"https:\/\/www.belgianboilercompany.com\/fr\/referentie\/augmentation-de-la-capacite-de-production-dune-malterie\/\">Augmentation de la capacit\u00e9 de production d&rsquo;une malterie<\/a><\/h3><div class=\"w-post-elm post_custom_field usg_post_custom_field_2 type_text locatie color_link_inherit\"><span class=\"w-post-elm-value\">Puurs - Anvers<\/span><\/div><p class=\"w-text usg_text_1 moreinfo icon_atright\"><a href=\"https:\/\/www.belgianboilercompany.com\/fr\/referentie\/augmentation-de-la-capacite-de-production-dune-malterie\/\" class=\"w-text-h\"><span class=\"w-text-value\">DETAILES<\/span><i class=\"fas fa-plus\"><\/i><\/a><\/p><\/div><div class=\"w-vwrapper usg_vwrapper_1 align_none valign_top\"><p class=\"w-post-elm post_custom_field usg_post_custom_field_1 type_text shortsummary color_link_inherit\"><span class=\"w-post-elm-value\">Expansion en mettant l'accent sur les techniques modernes et les technologies de pointe.<\/span><\/p><\/div><div class=\"w-vwrapper usg_vwrapper_2 align_none valign_top\"><div class=\"w-post-elm post_image usg_post_image_1 has_ratio\"><a href=\"https:\/\/www.belgianboilercompany.com\/fr\/referentie\/augmentation-de-la-capacite-de-production-dune-malterie\/\" aria-label=\"Augmentation de la capacit\u00e9 de production d&rsquo;une malterie\"><img loading=\"lazy\" decoding=\"async\" width=\"1024\" height=\"768\" src=\"https:\/\/www.belgianboilercompany.com\/wp-content\/uploads\/2024\/10\/Mouterij-Albert-Totaalproject-1-1024x768.jpg\" class=\"attachment-large size-large wp-post-image\" alt=\"Stoomketels\" \/><\/a><div style=\"padding-bottom:75%\"><\/div><\/div><\/div>\t\t<\/div>\r\n\t\t\t<\/article>\r\n\t<article class=\"w-grid-item post-1329 referentie type-referentie status-publish has-post-thumbnail hentry\" data-id=\"1329\">\r\n\t\t<div class=\"w-grid-item-h\">\r\n\t\t\t\t\t\t<div class=\"w-vwrapper usg_vwrapper_3 align_none valign_top\"><h3 class=\"w-post-elm post_title usg_post_title_1 entry-title color_link_inherit\"><a href=\"https:\/\/www.belgianboilercompany.com\/fr\/referentie\/chaudieres-supplementaires-dans-une-usine-chimique\/\">Chaudi\u00e8res suppl\u00e9mentaires dans une usine chimique<\/a><\/h3><div class=\"w-post-elm post_custom_field usg_post_custom_field_2 type_text locatie color_link_inherit\"><span class=\"w-post-elm-value\">Malines - Anvers<\/span><\/div><p class=\"w-text usg_text_1 moreinfo icon_atright\"><a href=\"https:\/\/www.belgianboilercompany.com\/fr\/referentie\/chaudieres-supplementaires-dans-une-usine-chimique\/\" class=\"w-text-h\"><span class=\"w-text-value\">DETAILES<\/span><i class=\"fas fa-plus\"><\/i><\/a><\/p><\/div><div class=\"w-vwrapper usg_vwrapper_1 align_none valign_top\"><p class=\"w-post-elm post_custom_field usg_post_custom_field_1 type_text shortsummary color_link_inherit\"><span class=\"w-post-elm-value\">Adapter la capacit\u00e9 de la chaudi\u00e8re actuelle aux besoins de production actuels.<\/span><\/p><\/div><div class=\"w-vwrapper usg_vwrapper_2 align_none valign_top\"><div class=\"w-post-elm post_image usg_post_image_1 has_ratio\"><a href=\"https:\/\/www.belgianboilercompany.com\/fr\/referentie\/chaudieres-supplementaires-dans-une-usine-chimique\/\" aria-label=\"Chaudi\u00e8res suppl\u00e9mentaires dans une usine chimique\"><img loading=\"lazy\" decoding=\"async\" width=\"1024\" height=\"768\" src=\"https:\/\/www.belgianboilercompany.com\/wp-content\/uploads\/2024\/10\/stoomketel-mechelen-1024x768.jpg\" class=\"attachment-large size-large wp-post-image\" alt=\"Verwarmingsketels\" \/><\/a><div style=\"padding-bottom:75%\"><\/div><\/div><\/div>\t\t<\/div>\r\n\t\t\t<\/article>\r\n<\/div><div class=\"w-grid-carousel-json hidden\" onclick='return {&quot;carousel_settings&quot;:{&quot;aria_labels&quot;:{&quot;prev&quot;:&quot;Pr\\u00e9c\\u00e9dent&quot;,&quot;next&quot;:&quot;Suivant&quot;},&quot;autoplayContinual&quot;:false,&quot;autoplayHoverPause&quot;:false,&quot;autoplayTimeout&quot;:3000,&quot;autoWidth&quot;:false,&quot;smartSpeed&quot;:350,&quot;margin&quot;:0,&quot;mouseDrag&quot;:true,&quot;rtl&quot;:false,&quot;slideBy&quot;:&quot;1&quot;,&quot;touchDrag&quot;:true,&quot;slideTransition&quot;:&quot;&quot;,&quot;responsive&quot;:{&quot;0&quot;:{&quot;autoHeight&quot;:false,&quot;autoplay&quot;:true,&quot;autoWidth&quot;:false,&quot;center&quot;:false,&quot;dots&quot;:true,&quot;items&quot;:1,&quot;loop&quot;:true,&quot;nav&quot;:false,&quot;stagePadding&quot;:0,&quot;slideBy&quot;:&quot;1&quot;},&quot;768&quot;:{&quot;autoHeight&quot;:false,&quot;autoplay&quot;:true,&quot;autoWidth&quot;:false,&quot;center&quot;:false,&quot;dots&quot;:true,&quot;items&quot;:2,&quot;loop&quot;:false,&quot;nav&quot;:false,&quot;stagePadding&quot;:0,&quot;slideBy&quot;:&quot;1&quot;},&quot;1025&quot;:{&quot;autoHeight&quot;:false,&quot;autoplay&quot;:true,&quot;autoWidth&quot;:false,&quot;center&quot;:false,&quot;dots&quot;:true,&quot;items&quot;:3,&quot;loop&quot;:false,&quot;nav&quot;:false,&quot;stagePadding&quot;:0,&quot;slideBy&quot;:&quot;1&quot;},&quot;1401&quot;:{&quot;items&quot;:3,&quot;autoplay&quot;:false,&quot;center&quot;:false,&quot;dots&quot;:true,&quot;nav&quot;:false,&quot;autoHeight&quot;:false,&quot;autoWidth&quot;:false,&quot;loop&quot;:false,&quot;stagePadding&quot;:0}}}}'><\/div><\/div><\/div><\/div><\/div><\/div><\/div><\/section>\n","protected":false},"excerpt":{"rendered":"","protected":false},"author":1,"featured_media":0,"parent":0,"menu_order":6,"comment_status":"closed","ping_status":"closed","template":"","meta":{"_acf_changed":false,"footnotes":""},"class_list":["post-1167","page","type-page","status-publish","hentry"],"acf":[],"_links":{"self":[{"href":"https:\/\/www.belgianboilercompany.com\/fr\/wp-json\/wp\/v2\/pages\/1167","targetHints":{"allow":["GET"]}}],"collection":[{"href":"https:\/\/www.belgianboilercompany.com\/fr\/wp-json\/wp\/v2\/pages"}],"about":[{"href":"https:\/\/www.belgianboilercompany.com\/fr\/wp-json\/wp\/v2\/types\/page"}],"author":[{"embeddable":true,"href":"https:\/\/www.belgianboilercompany.com\/fr\/wp-json\/wp\/v2\/users\/1"}],"replies":[{"embeddable":true,"href":"https:\/\/www.belgianboilercompany.com\/fr\/wp-json\/wp\/v2\/comments?post=1167"}],"version-history":[{"count":11,"href":"https:\/\/www.belgianboilercompany.com\/fr\/wp-json\/wp\/v2\/pages\/1167\/revisions"}],"predecessor-version":[{"id":1528,"href":"https:\/\/www.belgianboilercompany.com\/fr\/wp-json\/wp\/v2\/pages\/1167\/revisions\/1528"}],"wp:attachment":[{"href":"https:\/\/www.belgianboilercompany.com\/fr\/wp-json\/wp\/v2\/media?parent=1167"}],"curies":[{"name":"wp","href":"https:\/\/api.w.org\/{rel}","templated":true}]}}