{"id":1229,"date":"2024-01-13T19:29:24","date_gmt":"2024-01-13T17:29:24","guid":{"rendered":"https:\/\/www.belgianboilercompany.com\/apres-vente-et-assistance\/"},"modified":"2025-10-20T16:23:40","modified_gmt":"2025-10-20T14:23:40","slug":"service-apres-vente","status":"publish","type":"page","link":"https:\/\/www.belgianboilercompany.com\/fr\/service-apres-vente\/","title":{"rendered":"Service apr\u00e8s-vente"},"content":{"rendered":"<section class=\"l-section wpb_row uspgrid height_medium\"><div class=\"l-section-h i-cf\"><div class=\"g-cols vc_row via_flex valign_top type_default stacking_default\"><div class=\"vc_col-sm-12 wpb_column vc_column_container\"><div class=\"vc_column-inner\"><div class=\"wpb_wrapper\"><div class=\"wpb_text_column brdrtxt\"><div class=\"wpb_wrapper\"><h1>Service apr\u00e8s-vente et assistance<\/h1>\n<\/div><\/div><div class=\"w-separator size_small\"><\/div><div class=\"wpb_text_column redtxt\"><div class=\"wpb_wrapper\"><p>Les experts de BBC vont litt\u00e9ralement plus loin. Gr\u00e2ce \u00e0 notre service apr\u00e8s-vente complet, nous vous offrons la tranquillit\u00e9 d&rsquo;esprit n\u00e9cessaire pour que votre chaufferie industrielle soit toujours en parfait \u00e9tat.<\/p>\n<\/div><\/div><div class=\"w-separator size_medium\"><\/div><div class=\"g-cols wpb_row via_flex valign_top type_default stacking_default\"><div class=\"vc_col-sm-12 wpb_column vc_column_container\"><div class=\"vc_column-inner\"><div class=\"wpb_wrapper\"><div class=\"w-grid us_grid type_grid layout_221 cols_2 preload_style_spinner\" id=\"us_grid_1\" style=\"--columns:2;--gap:1rem;\"><style>@media (max-width:767px){#us_grid_1{--columns:1!important}}.layout_221 .w-grid-item-h{}.layout_221 .usg_vwrapper_1{background:#f0f0f0!important}.layout_221 .usg_vwrapper_2{background:#f0f0f0!important}<\/style><div class=\"w-grid-list\">\t<article class=\"w-grid-item size_1x1 post-1298 usp type-usp status-publish hentry\" data-id=\"1298\">\r\n\t\t<div class=\"w-grid-item-h\">\r\n\t\t\t\t\t\t<div class=\"w-vwrapper usg_vwrapper_1 align_none valign_top\"><h3 class=\"w-post-elm post_title usg_post_title_1 entry-title\">\u00c0 votre service<\/h3><\/div><div class=\"w-vwrapper usg_vwrapper_2 align_none valign_top\"><div class=\"w-post-elm post_custom_field usg_post_custom_field_1 type_text extra_info color_link_inherit\"><span class=\"w-post-elm-value\">En tant que sp\u00e9cialiste belge dans son secteur, BBC dispose de ses propres techniciens de service et de ses propres techniciens de maintenance r\u00e9partis dans tout le pays. Nos techniciens exp\u00e9riment\u00e9s sont toujours disponibles pour vous aider en cas de panne ou probl\u00e8me technique, afin que votre entreprise puisse toujours continuer son activit\u00e9.<\/span><\/div><\/div>\t\t<\/div>\r\n\t\t\t<\/article>\r\n\t<article class=\"w-grid-item size_1x1 post-1296 usp type-usp status-publish hentry\" data-id=\"1296\">\r\n\t\t<div class=\"w-grid-item-h\">\r\n\t\t\t\t\t\t<div class=\"w-vwrapper usg_vwrapper_1 align_none valign_top\"><h3 class=\"w-post-elm post_title usg_post_title_1 entry-title\">D\u00e9fauts<\/h3><\/div><div class=\"w-vwrapper usg_vwrapper_2 align_none valign_top\"><div class=\"w-post-elm post_custom_field usg_post_custom_field_1 type_text extra_info color_link_inherit\"><span class=\"w-post-elm-value\">Notre objectif est d'assurer rapidement et \u00e0 moindre co\u00fbt la maintenance de votre installation ou son d\u00e9pannage. Gr\u00e2ce \u00e0 notre service apr\u00e8s-vente complet, vous pouvez \u00eatre s\u00fbr que votre chaufferie industrielle sera toujours entre de bonnes mains.   <\/span><\/div><\/div>\t\t<\/div>\r\n\t\t\t<\/article>\r\n\t<article class=\"w-grid-item size_1x1 post-1302 usp type-usp status-publish hentry\" data-id=\"1302\">\r\n\t\t<div class=\"w-grid-item-h\">\r\n\t\t\t\t\t\t<div class=\"w-vwrapper usg_vwrapper_1 align_none valign_top\"><h3 class=\"w-post-elm post_title usg_post_title_1 entry-title\">Entretien et r\u00e9parations<\/h3><\/div><div class=\"w-vwrapper usg_vwrapper_2 align_none valign_top\"><div class=\"w-post-elm post_custom_field usg_post_custom_field_1 type_text extra_info color_link_inherit\"><span class=\"w-post-elm-value\">Notre service comprend non seulement l'entretien pr\u00e9ventif et les r\u00e9parations, mais nous offrons \u00e9galement une assistance technique et des conseils pour am\u00e9liorer et optimiser l'efficacit\u00e9 de votre installation. Chez BBC, nous nous engageons \u00e0 vous aider dans tous les aspects de votre chaufferie industrielle, de l'installation \u00e0 la maintenance, et nous sommes toujours pr\u00eats \u00e0 vous aider en cas de tout autre probl\u00e8me.   <\/span><\/div><\/div>\t\t<\/div>\r\n\t\t\t<\/article>\r\n\t<article class=\"w-grid-item size_1x1 post-1304 usp type-usp status-publish hentry\" data-id=\"1304\">\r\n\t\t<div class=\"w-grid-item-h\">\r\n\t\t\t\t\t\t<div class=\"w-vwrapper usg_vwrapper_1 align_none valign_top\"><h3 class=\"w-post-elm post_title usg_post_title_1 entry-title\">La continuit\u00e9 l&#8217;emporte<\/h3><\/div><div class=\"w-vwrapper usg_vwrapper_2 align_none valign_top\"><div class=\"w-post-elm post_custom_field usg_post_custom_field_1 type_text extra_info color_link_inherit\"><span class=\"w-post-elm-value\">Choisir BBC pour votre service apr\u00e8s-vente, c'est s'assurer les services d'un partenaire fiable qui veillera toujours \u00e0 la bonne marche de votre installation. Contactez-nous d\u00e8s aujourd'hui pour d\u00e9couvrir ce que nous pouvons faire pour vous.   <\/span><\/div><\/div>\t\t<\/div>\r\n\t\t\t<\/article>\r\n<\/div>\t<div class=\"w-grid-preloader\">\r\n\t\t<div class=\"g-preloader type_1\">\r\n\t\t\t<div><\/div>\r\n\t\t<\/div>\r\n\t<\/div>\r\n\t\t<div class=\"w-grid-json hidden\" onclick='return {&quot;action&quot;:&quot;us_ajax_grid&quot;,&quot;infinite_scroll&quot;:0,&quot;max_num_pages&quot;:1,&quot;pagination&quot;:&quot;none&quot;,&quot;template_vars&quot;:{&quot;columns&quot;:&quot;2&quot;,&quot;exclude_items&quot;:&quot;none&quot;,&quot;img_size&quot;:&quot;default&quot;,&quot;ignore_items_size&quot;:0,&quot;items_layout&quot;:&quot;221&quot;,&quot;items_offset&quot;:&quot;1&quot;,&quot;load_animation&quot;:&quot;none&quot;,&quot;overriding_link&quot;:&quot;%7B%22url%22%3A%22%22%7D&quot;,&quot;post_id&quot;:0,&quot;query_args&quot;:{&quot;ignore_sticky_posts&quot;:1,&quot;post_type&quot;:&quot;any&quot;,&quot;post__in&quot;:[&quot;562&quot;,&quot;563&quot;,&quot;565&quot;,&quot;564&quot;],&quot;posts_per_page&quot;:999},&quot;orderby_query_args&quot;:{&quot;orderby&quot;:{&quot;post__in&quot;:&quot;ASC&quot;},&quot;order&quot;:&quot;ASC&quot;},&quot;type&quot;:&quot;grid&quot;,&quot;us_grid_post_type&quot;:&quot;ids&quot;,&quot;us_grid_ajax_index&quot;:1,&quot;us_grid_filter_query_string&quot;:null,&quot;us_grid_index&quot;:1,&quot;page_args&quot;:[],&quot;lang&quot;:&quot;fr&quot;}}'><\/div>\r\n\t<\/div><\/div><\/div><\/div><\/div><\/div><\/div><\/div><\/div><\/div><\/section><section class=\"l-section wpb_row us_custom_9ccc05f2 padleftzero imgcarroussel height_auto\"><div class=\"l-section-h i-cf\"><div class=\"g-cols vc_row via_flex valign_middle type_default stacking_default\"><div class=\"vc_col-sm-6 vc_col-xs-12 wpb_column vc_column_container\"><div class=\"vc_column-inner\"><div class=\"wpb_wrapper\"><div class=\"w-separator size_huge\"><\/div><div class=\"wpb_text_column us_custom_6df4bc3a brdrtxtwhite has_text_color\"><div class=\"wpb_wrapper\"><h2>Contactez un expert<\/h2>\n<\/div><\/div><div class=\"w-separator size_medium\"><\/div><div class=\"wpb_text_column us_custom_6df4bc3a has_text_color\"><div class=\"wpb_wrapper\"><p>Vous avez des questions sur les chaudi\u00e8res industrielles ou vous cherchez un partenaire fiable pour vos besoins d&rsquo;installation et d&rsquo;entretien ? Belgian Boiler Company est \u00e0 votre service avec sa grande expertise et ses techniciens exp\u00e9riment\u00e9s. Contactez-nous d\u00e8s aujourd&rsquo;hui pour plus d&rsquo;informations et d\u00e9couvrez ce que nous pouvons faire pour vous.<\/p>\n<\/div><\/div><div class=\"w-separator size_medium\"><\/div><div class=\"w-btn-wrapper align_right\"><a class=\"w-btn us-btn-style_2 stickmeright brdrbtnwhite longer\" href=\"https:\/\/www.belgianboilercompany.com\/fr\/contact\/\"><span class=\"w-btn-label\">CONTACTEZ-NOUS<\/span><\/a><\/div><div class=\"w-separator size_huge\"><\/div><\/div><\/div><\/div><div class=\"vc_col-sm-6 vc_col-xs-12 wpb_column vc_column_container padleftzero has_bg_color stretched\"><div class=\"vc_column-inner us_custom_3fc36995\"><div class=\"wpb_wrapper\"><\/div><\/div><\/div><\/div><\/div><\/section>\n","protected":false},"excerpt":{"rendered":"","protected":false},"author":1,"featured_media":0,"parent":0,"menu_order":10,"comment_status":"closed","ping_status":"closed","template":"","meta":{"_acf_changed":false,"footnotes":""},"class_list":["post-1229","page","type-page","status-publish","hentry"],"acf":[],"_links":{"self":[{"href":"https:\/\/www.belgianboilercompany.com\/fr\/wp-json\/wp\/v2\/pages\/1229","targetHints":{"allow":["GET"]}}],"collection":[{"href":"https:\/\/www.belgianboilercompany.com\/fr\/wp-json\/wp\/v2\/pages"}],"about":[{"href":"https:\/\/www.belgianboilercompany.com\/fr\/wp-json\/wp\/v2\/types\/page"}],"author":[{"embeddable":true,"href":"https:\/\/www.belgianboilercompany.com\/fr\/wp-json\/wp\/v2\/users\/1"}],"replies":[{"embeddable":true,"href":"https:\/\/www.belgianboilercompany.com\/fr\/wp-json\/wp\/v2\/comments?post=1229"}],"version-history":[{"count":7,"href":"https:\/\/www.belgianboilercompany.com\/fr\/wp-json\/wp\/v2\/pages\/1229\/revisions"}],"predecessor-version":[{"id":1583,"href":"https:\/\/www.belgianboilercompany.com\/fr\/wp-json\/wp\/v2\/pages\/1229\/revisions\/1583"}],"wp:attachment":[{"href":"https:\/\/www.belgianboilercompany.com\/fr\/wp-json\/wp\/v2\/media?parent=1229"}],"curies":[{"name":"wp","href":"https:\/\/api.w.org\/{rel}","templated":true}]}}