{"id":1230,"date":"2024-01-13T19:29:24","date_gmt":"2024-01-13T17:29:24","guid":{"rendered":"https:\/\/www.belgianboilercompany.com\/blog\/"},"modified":"2024-11-08T15:36:47","modified_gmt":"2024-11-08T13:36:47","slug":"blog","status":"publish","type":"page","link":"https:\/\/www.belgianboilercompany.com\/fr\/blog\/","title":{"rendered":"Blog"},"content":{"rendered":"<section class=\"l-section wpb_row height_medium\"><div class=\"l-section-h i-cf\"><div class=\"g-cols vc_row via_flex valign_top type_default stacking_default\"><div class=\"vc_col-sm-8 wpb_column vc_column_container\"><div class=\"vc_column-inner\"><div class=\"wpb_wrapper\"><div class=\"wpb_text_column brdrtxt\"><div class=\"wpb_wrapper\"><h1>Blog<\/h1>\n<\/div><\/div><div class=\"w-separator size_medium\"><\/div><div class=\"wpb_text_column redtxt\"><div class=\"wpb_wrapper\"><p>D\u00e9couvrez quelques-uns de nos articles de blog sur les chaudi\u00e8res \u00e0 vapeur et les chaudi\u00e8res industrielles. Qu&rsquo;il s&rsquo;agisse de conseils d&rsquo;entretien ou d&rsquo;efficacit\u00e9 \u00e9nerg\u00e9tique, notre page offre des informations pr\u00e9cieuses pour que votre installation fonctionne de mani\u00e8re optimale.<\/p>\n<\/div><\/div><\/div><\/div><\/div><div class=\"vc_col-sm-4 wpb_column vc_column_container\"><div class=\"vc_column-inner\"><div class=\"wpb_wrapper\"><\/div><\/div><\/div><\/div><\/div><\/section><section class=\"l-section wpb_row us_custom_9ccc05f2 height_large\"><div class=\"l-section-h i-cf\"><div class=\"g-cols vc_row via_flex valign_top type_default stacking_default\"><div class=\"vc_col-sm-12 wpb_column vc_column_container\"><div class=\"vc_column-inner\"><div class=\"wpb_wrapper\"><div class=\"w-grid us_grid maingrid type_grid layout_174 cols_2 preload_style_spinner\" id=\"us_grid_1\" style=\"--columns:2;--gap:1rem;\" data-filterable=\"true\"><style>@media (max-width:767px){#us_grid_1{--columns:1!important}}.layout_174 .w-grid-item-h{}.layout_174 .usg_vwrapper_3{background:#ffffff!important}.layout_174 .usg_text_1{font-weight:700!important}.layout_174 .usg_vwrapper_1{background:#ffffff!important}<\/style><div class=\"w-grid-list\">\t<article class=\"w-grid-item size_1x1 post-1345 post type-post status-publish format-standard hentry category-non-classifiee\" data-id=\"1345\">\r\n\t\t<div class=\"w-grid-item-h\">\r\n\t\t\t\t\t\t<div class=\"w-vwrapper usg_vwrapper_3 align_none valign_top\"><h3 class=\"w-post-elm post_title usg_post_title_1 entry-title color_link_inherit\"><a href=\"https:\/\/www.belgianboilercompany.com\/fr\/1345\/\"><\/a><\/h3><p class=\"w-text usg_text_1 moreinfo icon_atright\"><a href=\"https:\/\/www.belgianboilercompany.com\/fr\/1345\/\" class=\"w-text-h\"><span class=\"w-text-value\">PLUS D&rsquo;INFOS<\/span><i class=\"fas fa-plus\"><\/i><\/a><\/p><\/div><div class=\"w-vwrapper usg_vwrapper_1 align_none valign_top\"><p class=\"w-post-elm post_custom_field usg_post_custom_field_1 type_text extra_info color_link_inherit\"><span class=\"w-post-elm-value\"><\/span><\/p><\/div>\t\t<\/div>\r\n\t\t\t<\/article>\r\n\t<article class=\"w-grid-item size_1x1 post-1351 post type-post status-publish format-standard hentry category-non-classifiee\" data-id=\"1351\">\r\n\t\t<div class=\"w-grid-item-h\">\r\n\t\t\t\t\t\t<div class=\"w-vwrapper usg_vwrapper_3 align_none valign_top\"><h3 class=\"w-post-elm post_title usg_post_title_1 entry-title color_link_inherit\"><a href=\"https:\/\/www.belgianboilercompany.com\/fr\/belgian-boiler-company-experts-industriels-en-chaleur-durable\/\">Belgian Boiler Company : experts industriels en chaleur durable<\/a><\/h3><p class=\"w-text usg_text_1 moreinfo icon_atright\"><a href=\"https:\/\/www.belgianboilercompany.com\/fr\/belgian-boiler-company-experts-industriels-en-chaleur-durable\/\" class=\"w-text-h\"><span class=\"w-text-value\">PLUS D&rsquo;INFOS<\/span><i class=\"fas fa-plus\"><\/i><\/a><\/p><\/div><div class=\"w-vwrapper usg_vwrapper_1 align_none valign_top\"><p class=\"w-post-elm post_custom_field usg_post_custom_field_1 type_text extra_info color_link_inherit\"><span class=\"w-post-elm-value\">Dans presque tous les secteurs, on s'efforce aujourd'hui de r\u00e9duire les \u00e9missions de gaz \u00e0 effet de serre nocifs. Des alternatives aux combustibles fossiles en tant que source d'\u00e9nergie sont \u00e9galement recherch\u00e9es en abondance pour la production de chaleur industrielle. Cette \u00e9volution a d\u00e9j\u00e0 commenc\u00e9 il y a plusieurs d\u00e9cennies et s'acc\u00e9l\u00e8re chaque ann\u00e9e en raison d'une plus grande prise de conscience.  <\/span><\/p><\/div>\t\t<\/div>\r\n\t\t\t<\/article>\r\n\t<article class=\"w-grid-item size_1x1 post-1357 post type-post status-publish format-standard hentry category-non-classifiee\" data-id=\"1357\">\r\n\t\t<div class=\"w-grid-item-h\">\r\n\t\t\t\t\t\t<div class=\"w-vwrapper usg_vwrapper_3 align_none valign_top\"><h3 class=\"w-post-elm post_title usg_post_title_1 entry-title color_link_inherit\"><a href=\"https:\/\/www.belgianboilercompany.com\/fr\/la-belgian-boiler-company-est-prete-pour-un-avenir-sobre-en-carbone\/\">La Belgian Boiler Company est pr\u00eate pour un avenir sobre en carbone<\/a><\/h3><p class=\"w-text usg_text_1 moreinfo icon_atright\"><a href=\"https:\/\/www.belgianboilercompany.com\/fr\/la-belgian-boiler-company-est-prete-pour-un-avenir-sobre-en-carbone\/\" class=\"w-text-h\"><span class=\"w-text-value\">PLUS D&rsquo;INFOS<\/span><i class=\"fas fa-plus\"><\/i><\/a><\/p><\/div><div class=\"w-vwrapper usg_vwrapper_1 align_none valign_top\"><p class=\"w-post-elm post_custom_field usg_post_custom_field_1 type_text extra_info color_link_inherit\"><span class=\"w-post-elm-value\">Dans presque tous les secteurs, on s'efforce aujourd'hui de r\u00e9duire les \u00e9missions de gaz \u00e0 effet de serre nocifs tels que le CO2. Des alternatives aux combustibles fossiles en tant que source d'\u00e9nergie sont \u00e9galement largement recherch\u00e9es pour la production de chaleur industrielle. <\/span><\/p><\/div>\t\t<\/div>\r\n\t\t\t<\/article>\r\n<\/div>\t<div class=\"w-grid-preloader\">\r\n\t\t<div class=\"g-preloader type_1\">\r\n\t\t\t<div><\/div>\r\n\t\t<\/div>\r\n\t<\/div>\r\n\t\t<div class=\"w-grid-json hidden\" onclick='return {&quot;action&quot;:&quot;us_ajax_grid&quot;,&quot;infinite_scroll&quot;:0,&quot;max_num_pages&quot;:1,&quot;pagination&quot;:&quot;none&quot;,&quot;template_vars&quot;:{&quot;columns&quot;:&quot;2&quot;,&quot;exclude_items&quot;:&quot;none&quot;,&quot;img_size&quot;:&quot;default&quot;,&quot;ignore_items_size&quot;:0,&quot;items_layout&quot;:&quot;174&quot;,&quot;items_offset&quot;:&quot;1&quot;,&quot;load_animation&quot;:&quot;none&quot;,&quot;overriding_link&quot;:&quot;%7B%22url%22%3A%22%22%7D&quot;,&quot;post_id&quot;:0,&quot;query_args&quot;:{&quot;post_type&quot;:[&quot;post&quot;],&quot;post_status&quot;:[&quot;publish&quot;,&quot;acf-disabled&quot;],&quot;posts_per_page&quot;:999},&quot;orderby_query_args&quot;:{&quot;orderby&quot;:{&quot;date&quot;:&quot;DESC&quot;}},&quot;type&quot;:&quot;grid&quot;,&quot;us_grid_post_type&quot;:&quot;post&quot;,&quot;us_grid_ajax_index&quot;:1,&quot;us_grid_filter_query_string&quot;:null,&quot;us_grid_index&quot;:1,&quot;page_args&quot;:[],&quot;lang&quot;:&quot;fr&quot;}}'><\/div>\r\n\t<\/div><\/div><\/div><\/div><\/div><\/div><\/section><section class=\"l-section wpb_row us_custom_cb2cbbd2 height_auto width_full\"><div class=\"l-section-h i-cf\"><div class=\"g-cols vc_row via_flex valign_top type_default stacking_default\"><div class=\"vc_col-sm-12 wpb_column vc_column_container\"><div class=\"vc_column-inner\"><div class=\"wpb_wrapper\"><\/div><\/div><\/div><\/div><\/div><\/section>\n","protected":false},"excerpt":{"rendered":"La Belgian Boiler Company est pr\u00eate pour un avenir sobre en carbone Dans presque tous les secteurs, on s&rsquo;efforce aujourd&rsquo;hui de r\u00e9duire les \u00e9missions de gaz \u00e0 effet de serre nocifs tels que le CO2. Des alternatives aux combustibles fossiles en tant que source d&rsquo;\u00e9nergie sont \u00e9galement largement recherch\u00e9es pour la production de chaleur industrielle....","protected":false},"author":1,"featured_media":0,"parent":0,"menu_order":11,"comment_status":"closed","ping_status":"closed","template":"","meta":{"_acf_changed":false,"footnotes":""},"class_list":["post-1230","page","type-page","status-publish","hentry"],"acf":[],"_links":{"self":[{"href":"https:\/\/www.belgianboilercompany.com\/fr\/wp-json\/wp\/v2\/pages\/1230","targetHints":{"allow":["GET"]}}],"collection":[{"href":"https:\/\/www.belgianboilercompany.com\/fr\/wp-json\/wp\/v2\/pages"}],"about":[{"href":"https:\/\/www.belgianboilercompany.com\/fr\/wp-json\/wp\/v2\/types\/page"}],"author":[{"embeddable":true,"href":"https:\/\/www.belgianboilercompany.com\/fr\/wp-json\/wp\/v2\/users\/1"}],"replies":[{"embeddable":true,"href":"https:\/\/www.belgianboilercompany.com\/fr\/wp-json\/wp\/v2\/comments?post=1230"}],"version-history":[{"count":2,"href":"https:\/\/www.belgianboilercompany.com\/fr\/wp-json\/wp\/v2\/pages\/1230\/revisions"}],"predecessor-version":[{"id":1235,"href":"https:\/\/www.belgianboilercompany.com\/fr\/wp-json\/wp\/v2\/pages\/1230\/revisions\/1235"}],"wp:attachment":[{"href":"https:\/\/www.belgianboilercompany.com\/fr\/wp-json\/wp\/v2\/media?parent=1230"}],"curies":[{"name":"wp","href":"https:\/\/api.w.org\/{rel}","templated":true}]}}