{"id":1238,"date":"2024-01-13T19:29:24","date_gmt":"2024-01-13T17:29:24","guid":{"rendered":"https:\/\/www.belgianboilercompany.com\/modernisation-des-chaudieres-a-vapeur\/"},"modified":"2025-09-26T12:09:35","modified_gmt":"2025-09-26T10:09:35","slug":"modernisation-des-chaudieres-vapeur","status":"publish","type":"page","link":"https:\/\/www.belgianboilercompany.com\/fr\/modernisation-des-chaudieres-vapeur\/","title":{"rendered":"Modernisation des chaudi\u00e8res vapeur"},"content":{"rendered":"<section class=\"l-section wpb_row detailpage height_auto\"><div class=\"l-section-h i-cf\"><div class=\"g-cols vc_row via_flex valign_bottom type_default stacking_default\"><div class=\"vc_col-sm-12 vc_col-lg-6 vc_col-md-6 vc_col-xs-12 wpb_column vc_column_container has_bg_color stretched\"><div class=\"vc_column-inner us_custom_9b116952\"><div class=\"wpb_wrapper\"><div class=\"w-image us_custom_c5d3aabb has_height align_none\"><div class=\"w-image-h\"><img decoding=\"async\" width=\"496\" height=\"1024\" src=\"https:\/\/www.belgianboilercompany.com\/wp-content\/uploads\/2024\/01\/Left-image-small-496x1024.png\" class=\"attachment-large size-large\" alt=\"\" loading=\"lazy\" srcset=\"https:\/\/www.belgianboilercompany.com\/wp-content\/uploads\/2024\/01\/Left-image-small-496x1024.png 496w, https:\/\/www.belgianboilercompany.com\/wp-content\/uploads\/2024\/01\/Left-image-small-145x300.png 145w, https:\/\/www.belgianboilercompany.com\/wp-content\/uploads\/2024\/01\/Left-image-small.png 650w\" sizes=\"auto, (max-width: 496px) 100vw, 496px\" \/><\/div><\/div><\/div><\/div><\/div><div class=\"vc_col-sm-1 vc_hidden-md vc_hidden-sm vc_hidden-xs wpb_column vc_column_container\"><div class=\"vc_column-inner\"><div class=\"wpb_wrapper\"><\/div><\/div><\/div><div class=\"vc_col-sm-12 vc_col-lg-5 vc_col-md-6 vc_col-xs-12 wpb_column vc_column_container\"><div class=\"vc_column-inner\"><div class=\"wpb_wrapper\"><div class=\"wpb_text_column brdrtxt\"><div class=\"wpb_wrapper\"><h1>Modernisation de chaudi\u00e8res vapeur<\/h1>\n<\/div><\/div><div class=\"w-separator size_huge\"><\/div><div class=\"wpb_text_column redtxt\"><div class=\"wpb_wrapper\"><p>Les anciennes chaudi\u00e8res industrielles vapeur sont souvent inefficaces, \u00e9nergivores et polluantes. C&rsquo;est pourquoi nous proposons des modernisations pour diff\u00e9rents types de chaudi\u00e8res vapeur, y compris les p\u00e9riph\u00e9riques de la chaufferie, afin d&rsquo;am\u00e9liorer l&rsquo;efficacit\u00e9, de r\u00e9duire la consommation d&rsquo;\u00e9nergie, mais \u00e9galement de r\u00e9pondre aux normes environnementales en vigueur.<\/p>\n<\/div><\/div><div class=\"w-separator size_huge\"><\/div><div class=\"w-btn-wrapper align_none\"><a class=\"w-btn us-btn-style_2 us_custom_f77c4fa6 brdrbtnblue longer\" href=\"https:\/\/www.belgianboilercompany.com\/fr\/contact\/\"><span class=\"w-btn-label\">CONTACTEZ-NOUS<\/span><\/a><\/div><\/div><\/div><\/div><\/div><\/div><\/section><section class=\"l-section wpb_row uspgrid height_large\"><div class=\"l-section-h i-cf\"><div class=\"g-cols vc_row via_flex valign_top type_default stacking_default\"><div class=\"vc_col-sm-12 wpb_column vc_column_container\"><div class=\"vc_column-inner\"><div class=\"wpb_wrapper\"><div class=\"wpb_text_column brdrtxt\"><div class=\"wpb_wrapper\"><h2>Le processus<\/h2>\n<\/div><\/div><div class=\"w-separator size_small\"><\/div><div class=\"g-cols wpb_row via_flex valign_top type_default stacking_default\"><div class=\"vc_col-sm-8 wpb_column vc_column_container\"><div class=\"vc_column-inner\"><div class=\"wpb_wrapper\"><div class=\"wpb_text_column redtxt\"><div class=\"wpb_wrapper\"><p>Vous trouverez ci-dessous le processus \u00e9tape par \u00e9tape utilis\u00e9 par Belgian Boiler Company lors de la r\u00e9novation de chaudi\u00e8res existantes :<\/p>\n<\/div><\/div><\/div><\/div><\/div><div class=\"vc_col-sm-4 wpb_column vc_column_container\"><div class=\"vc_column-inner\"><div class=\"wpb_wrapper\"><\/div><\/div><\/div><\/div><div class=\"w-separator size_medium\"><\/div><div class=\"g-cols wpb_row via_flex valign_top type_default stacking_default\"><div class=\"vc_col-sm-12 wpb_column vc_column_container\"><div class=\"vc_column-inner\"><div class=\"wpb_wrapper\"><div class=\"w-grid us_grid type_grid layout_221 cols_3 preload_style_spinner\" id=\"us_grid_1\" style=\"--columns:3;--gap:1rem;\"><style>@media (max-width:1024px){#us_grid_1{--columns:2!important}}@media (max-width:767px){#us_grid_1{--columns:1!important}}.layout_221 .w-grid-item-h{}.layout_221 .usg_vwrapper_1{background:#f0f0f0!important}.layout_221 .usg_vwrapper_2{background:#f0f0f0!important}<\/style><div class=\"w-grid-list\">\t<article class=\"w-grid-item size_1x1 post-1307 usp type-usp status-publish hentry\" data-id=\"1307\">\r\n\t\t<div class=\"w-grid-item-h\">\r\n\t\t\t\t\t\t<div class=\"w-vwrapper usg_vwrapper_1 align_none valign_top\"><h3 class=\"w-post-elm post_title usg_post_title_1 entry-title\">Analyse du fonctionnement de l&rsquo;installation actuelle<\/h3><\/div><div class=\"w-vwrapper usg_vwrapper_2 align_none valign_top\"><div class=\"w-post-elm post_custom_field usg_post_custom_field_1 type_text extra_info color_link_inherit\"><span class=\"w-post-elm-value\">Nous proc\u00e9dons \u00e0 un inventaire de la chaufferie et recueillons des informations sur les m\u00e9canismes de fonctionnement actuels. Ensuite, nos sp\u00e9cialistes effectuent une analyse d\u00e9taill\u00e9e du fonctionnement et des performances de la chaudi\u00e8re. Il s'agit d'examiner l'efficacit\u00e9, les \u00e9missions, la plage de modulation du br\u00fbleur actuel, ... afin de d\u00e9terminer les am\u00e9liorations n\u00e9cessaires et\/ou souhaitables.  <\/span><\/div><\/div>\t\t<\/div>\r\n\t\t\t<\/article>\r\n\t<article class=\"w-grid-item size_1x1 post-1305 usp type-usp status-publish hentry\" data-id=\"1305\">\r\n\t\t<div class=\"w-grid-item-h\">\r\n\t\t\t\t\t\t<div class=\"w-vwrapper usg_vwrapper_1 align_none valign_top\"><h3 class=\"w-post-elm post_title usg_post_title_1 entry-title\">Proposition de mise en \u0153uvre des modernisations<\/h3><\/div><div class=\"w-vwrapper usg_vwrapper_2 align_none valign_top\"><div class=\"w-post-elm post_custom_field usg_post_custom_field_1 type_text extra_info color_link_inherit\"><span class=\"w-post-elm-value\">Sur la base de l'analyse, une proposition d\u00e9taill\u00e9e est faite pour la modernisation de la chaudi\u00e8re. La modernisation peut se faire soit au niveau de la chaudi\u00e8re, soit au niveau de l'\u00e9quipement p\u00e9riph\u00e9rique autour de la chaudi\u00e8re. Les exigences et le budget du client sont pris en compte.  <\/span><\/div><\/div>\t\t<\/div>\r\n\t\t\t<\/article>\r\n\t<article class=\"w-grid-item size_1x1 post-1314 usp type-usp status-publish hentry\" data-id=\"1314\">\r\n\t\t<div class=\"w-grid-item-h\">\r\n\t\t\t\t\t\t<div class=\"w-vwrapper usg_vwrapper_1 align_none valign_top\"><h3 class=\"w-post-elm post_title usg_post_title_1 entry-title\">Test et suivi<\/h3><\/div><div class=\"w-vwrapper usg_vwrapper_2 align_none valign_top\"><div class=\"w-post-elm post_custom_field usg_post_custom_field_1 type_text extra_info color_link_inherit\"><span class=\"w-post-elm-value\">Apr\u00e8s la modernisation, la chaudi\u00e8re et l'ensemble de l'installation de vapeur feront l'objet de tests approfondis et l'efficacit\u00e9 de l'ensemble de l'installation de vapeur sera optimis\u00e9e.<\/span><\/div><\/div>\t\t<\/div>\r\n\t\t\t<\/article>\r\n<\/div>\t<div class=\"w-grid-preloader\">\r\n\t\t<div class=\"g-preloader type_1\">\r\n\t\t\t<div><\/div>\r\n\t\t<\/div>\r\n\t<\/div>\r\n\t\t<div class=\"w-grid-json hidden\" onclick='return {&quot;action&quot;:&quot;us_ajax_grid&quot;,&quot;infinite_scroll&quot;:0,&quot;max_num_pages&quot;:1,&quot;pagination&quot;:&quot;none&quot;,&quot;template_vars&quot;:{&quot;columns&quot;:&quot;3&quot;,&quot;exclude_items&quot;:&quot;none&quot;,&quot;img_size&quot;:&quot;default&quot;,&quot;ignore_items_size&quot;:0,&quot;items_layout&quot;:&quot;221&quot;,&quot;items_offset&quot;:&quot;1&quot;,&quot;load_animation&quot;:&quot;none&quot;,&quot;overriding_link&quot;:&quot;%7B%22url%22%3A%22%22%7D&quot;,&quot;post_id&quot;:0,&quot;query_args&quot;:{&quot;ignore_sticky_posts&quot;:1,&quot;post_type&quot;:&quot;any&quot;,&quot;post__in&quot;:[&quot;535&quot;,&quot;536&quot;,&quot;537&quot;],&quot;posts_per_page&quot;:999},&quot;orderby_query_args&quot;:{&quot;orderby&quot;:{&quot;post__in&quot;:&quot;ASC&quot;},&quot;order&quot;:&quot;ASC&quot;},&quot;type&quot;:&quot;grid&quot;,&quot;us_grid_post_type&quot;:&quot;ids&quot;,&quot;us_grid_ajax_index&quot;:1,&quot;us_grid_filter_query_string&quot;:null,&quot;us_grid_index&quot;:1,&quot;page_args&quot;:[],&quot;lang&quot;:&quot;fr&quot;}}'><\/div>\r\n\t<\/div><\/div><\/div><\/div><\/div><\/div><\/div><\/div><\/div><\/div><\/section><section class=\"l-section wpb_row us_custom_9ccc05f2 padleftzero imgcarroussel height_auto\"><div class=\"l-section-h i-cf\"><div class=\"g-cols vc_row via_flex valign_middle type_default stacking_default\"><div class=\"vc_col-sm-6 vc_col-xs-12 wpb_column vc_column_container\"><div class=\"vc_column-inner\"><div class=\"wpb_wrapper\"><div class=\"w-separator size_huge\"><\/div><div class=\"wpb_text_column us_custom_6df4bc3a brdrtxtwhite has_text_color\"><div class=\"wpb_wrapper\"><h2>Notre expertise<\/h2>\n<\/div><\/div><div class=\"w-separator size_medium\"><\/div><div class=\"wpb_text_column us_custom_6df4bc3a has_text_color\"><div class=\"wpb_wrapper\"><p>Nous pouvons moderniser tous les types et toutes les marques de chaudi\u00e8re. Nous r\u00e9alisons des \u00e9valuations approfondies des \u00e9quipements sous pression et des \u00e9quipements auxiliaires par le biais d&rsquo;inspections et d&rsquo;essais non destructifs \u00e0 l&rsquo;appui. Cela nous permet de proposer l&rsquo;option la plus efficace pour chaque situation sp\u00e9cifique : remplacement de la chaudi\u00e8re ou remise \u00e0 neuf de l&rsquo;\u00e9quipement existant.<\/p>\n<p><strong>Contactez-nous aujourd&rsquo;hui<\/strong><\/p>\n<p>Notre \u00e9quipe d&rsquo;experts travaillera avec votre entreprise pour s&rsquo;assurer que vos chaudi\u00e8res industrielles fonctionnent au mieux et minimisent vos co\u00fbts d&rsquo;exploitation. Notre objectif est d&rsquo;aider votre entreprise \u00e0 profiter des avantages offerts par les technologies modernes et efficaces des chaudi\u00e8res. Le tout en coordination avec le client et l&rsquo;objectif qu&rsquo;il s&rsquo;est fix\u00e9.<\/p>\n<\/div><\/div><div class=\"w-separator size_medium\"><\/div><div class=\"w-btn-wrapper align_right\"><a class=\"w-btn us-btn-style_2 stickmeright brdrbtnwhite longer\" href=\"https:\/\/www.belgianboilercompany.com\/fr\/contact\/\"><span class=\"w-btn-label\">CONTACTEZ-NOUS<\/span><\/a><\/div><div class=\"w-separator size_huge\"><\/div><\/div><\/div><\/div><div class=\"vc_col-sm-6 vc_col-xs-12 wpb_column vc_column_container stretched\"><div class=\"vc_column-inner\"><div class=\"wpb_wrapper\"><div class=\"w-grid us_carousel mheight type_carousel layout_235 preload_style_spinner\" id=\"us_grid_2\"><style>.layout_235 .w-grid-item-h{}<\/style><div class=\"w-grid-list owl-carousel valign_stretch dotstyle_circle navstyle_circle arrows-ver-pos_middle arrows-hor-pos_on_sides_outside arrows-disabled_hide owl-responsive-2000 with_dots\" style=\"--transition-duration:350ms;\">\t<article class=\"w-grid-item post-1021 attachment type-attachment status-inherit hentry\" data-id=\"1021\">\r\n\t\t<div class=\"w-grid-item-h\">\r\n\t\t\t\t\t\t<div class=\"w-image usg_image_1\"><div class=\"w-image-h\"><img decoding=\"async\" width=\"768\" height=\"1024\" src=\"https:\/\/www.belgianboilercompany.com\/wp-content\/uploads\/2024\/10\/Essity-Onze-expertise-768x1024.jpg\" class=\"attachment-large size-large\" alt=\"\" loading=\"lazy\" srcset=\"https:\/\/www.belgianboilercompany.com\/wp-content\/uploads\/2024\/10\/Essity-Onze-expertise-768x1024.jpg 768w, https:\/\/www.belgianboilercompany.com\/wp-content\/uploads\/2024\/10\/Essity-Onze-expertise-225x300.jpg 225w, https:\/\/www.belgianboilercompany.com\/wp-content\/uploads\/2024\/10\/Essity-Onze-expertise.jpg 1500w\" sizes=\"auto, (max-width: 768px) 100vw, 768px\" \/><\/div><\/div>\t\t<\/div>\r\n\t\t\t<\/article>\r\n\t<article class=\"w-grid-item post-1023 attachment type-attachment status-inherit hentry\" data-id=\"1023\">\r\n\t\t<div class=\"w-grid-item-h\">\r\n\t\t\t\t\t\t<div class=\"w-image usg_image_1\"><div class=\"w-image-h\"><img decoding=\"async\" width=\"768\" height=\"1024\" src=\"https:\/\/www.belgianboilercompany.com\/wp-content\/uploads\/2024\/10\/Suikers-Lebbe-Onze-expertise-768x1024.jpg\" class=\"attachment-large size-large\" alt=\"\" loading=\"lazy\" srcset=\"https:\/\/www.belgianboilercompany.com\/wp-content\/uploads\/2024\/10\/Suikers-Lebbe-Onze-expertise-768x1024.jpg 768w, https:\/\/www.belgianboilercompany.com\/wp-content\/uploads\/2024\/10\/Suikers-Lebbe-Onze-expertise-225x300.jpg 225w, https:\/\/www.belgianboilercompany.com\/wp-content\/uploads\/2024\/10\/Suikers-Lebbe-Onze-expertise.jpg 1500w\" sizes=\"auto, (max-width: 768px) 100vw, 768px\" \/><\/div><\/div>\t\t<\/div>\r\n\t\t\t<\/article>\r\n<\/div><div class=\"w-grid-carousel-json hidden\" onclick='return {&quot;carousel_settings&quot;:{&quot;aria_labels&quot;:{&quot;prev&quot;:&quot;Pr\\u00e9c\\u00e9dent&quot;,&quot;next&quot;:&quot;Suivant&quot;},&quot;autoplayContinual&quot;:false,&quot;autoplayHoverPause&quot;:false,&quot;autoplayTimeout&quot;:3000,&quot;autoWidth&quot;:false,&quot;smartSpeed&quot;:350,&quot;margin&quot;:0,&quot;mouseDrag&quot;:true,&quot;rtl&quot;:false,&quot;slideBy&quot;:&quot;1&quot;,&quot;touchDrag&quot;:true,&quot;slideTransition&quot;:&quot;&quot;,&quot;responsive&quot;:{&quot;0&quot;:{&quot;autoHeight&quot;:false,&quot;autoplay&quot;:false,&quot;autoWidth&quot;:false,&quot;center&quot;:false,&quot;dots&quot;:true,&quot;items&quot;:1,&quot;loop&quot;:true,&quot;nav&quot;:false,&quot;stagePadding&quot;:0,&quot;slideBy&quot;:&quot;1&quot;},&quot;768&quot;:{&quot;autoHeight&quot;:false,&quot;autoplay&quot;:false,&quot;autoWidth&quot;:false,&quot;center&quot;:false,&quot;dots&quot;:true,&quot;items&quot;:1,&quot;loop&quot;:true,&quot;nav&quot;:false,&quot;stagePadding&quot;:0,&quot;slideBy&quot;:&quot;1&quot;},&quot;1025&quot;:{&quot;autoHeight&quot;:false,&quot;autoplay&quot;:false,&quot;autoWidth&quot;:false,&quot;center&quot;:false,&quot;dots&quot;:true,&quot;items&quot;:1,&quot;loop&quot;:true,&quot;nav&quot;:false,&quot;stagePadding&quot;:0,&quot;slideBy&quot;:&quot;1&quot;},&quot;1401&quot;:{&quot;items&quot;:1,&quot;autoplay&quot;:true,&quot;center&quot;:false,&quot;dots&quot;:true,&quot;nav&quot;:false,&quot;autoHeight&quot;:false,&quot;autoWidth&quot;:false,&quot;loop&quot;:true,&quot;stagePadding&quot;:0}}}}'><\/div><\/div><\/div><\/div><\/div><\/div><\/div><\/section><section class=\"l-section wpb_row us_custom_4a1b96d7 height_large\"><div class=\"l-section-h i-cf\"><div class=\"g-cols vc_row via_flex valign_top type_default stacking_default\"><div class=\"vc_col-sm-12 wpb_column vc_column_container\"><div class=\"vc_column-inner\"><div class=\"wpb_wrapper\"><div class=\"g-cols wpb_row via_flex valign_top type_default stacking_default\"><div class=\"vc_col-sm-12 wpb_column vc_column_container\"><div class=\"vc_column-inner\"><div class=\"wpb_wrapper\"><div class=\"wpb_text_column brdrtxt\"><div class=\"wpb_wrapper\"><h2>R\u00e9alisations<\/h2>\n<\/div><\/div><\/div><\/div><\/div><\/div><div class=\"g-cols wpb_row via_flex valign_top type_default stacking_default\"><div class=\"vc_col-sm-12 wpb_column vc_column_container\"><div class=\"vc_column-inner\"><div class=\"wpb_wrapper\"><div class=\"w-btn-wrapper align_right\"><a class=\"w-btn us-btn-style_2 stickmetopright brdrbtnblue longer\" href=\"https:\/\/www.belgianboilercompany.com\/fr\/realisations\/\"><span class=\"w-btn-label\">PLUS D&rsquo;INFORMATIONS<\/span><\/a><\/div><\/div><\/div><\/div><\/div><div class=\"w-grid us_carousel refcarroussel type_carousel layout_257 preload_style_spinner items_3\" id=\"us_grid_3\" style=\"--items:3;--gap:1rem;\"><style>.layout_257 .w-grid-item-h{}.layout_257 .usg_post_image_1{transition-duration:0.3s;transform-origin:50% 50%;transform:scale(1) translate(0%,0%)}.layout_257 .w-grid-item-h:focus-within .usg_post_image_1,.layout_257 .w-grid-item-h:hover .usg_post_image_1{transform:scale(1.5) translate(0%,0%);opacity:1}.layout_257 .usg_vwrapper_3{background:#ffffff!important}.layout_257 .usg_text_1{font-weight:700!important}.layout_257 .usg_vwrapper_1{background:#ffffff!important}<\/style><div class=\"w-grid-list owl-carousel valign_stretch dotstyle_circle navstyle_circle arrows-ver-pos_middle arrows-hor-pos_on_sides_outside arrows-disabled_hide owl-responsive-2000 with_dots\" style=\"--transition-duration:350ms;\">\t<article class=\"w-grid-item post-1337 referentie type-referentie status-publish has-post-thumbnail hentry\" data-id=\"1337\">\r\n\t\t<div class=\"w-grid-item-h\">\r\n\t\t\t\t\t\t<div class=\"w-vwrapper usg_vwrapper_3 align_none valign_top\"><h3 class=\"w-post-elm post_title usg_post_title_1 entry-title color_link_inherit\"><a href=\"https:\/\/www.belgianboilercompany.com\/fr\/referentie\/modernisation-de-la-cheminee\/\">Modernisation de la chemin\u00e9e<\/a><\/h3><div class=\"w-post-elm post_custom_field usg_post_custom_field_2 type_text locatie color_link_inherit\"><span class=\"w-post-elm-value\">Verviers - Li\u00e8ge<\/span><\/div><p class=\"w-text usg_text_1 moreinfo icon_atright\"><a href=\"https:\/\/www.belgianboilercompany.com\/fr\/referentie\/modernisation-de-la-cheminee\/\" class=\"w-text-h\"><span class=\"w-text-value\">DETAILES<\/span><i class=\"fas fa-plus\"><\/i><\/a><\/p><\/div><div class=\"w-vwrapper usg_vwrapper_1 align_none valign_top\"><p class=\"w-post-elm post_custom_field usg_post_custom_field_1 type_text shortsummary color_link_inherit\"><span class=\"w-post-elm-value\">Modernisation d'une ancienne chaufferie pour les besoins futurs de la production.<\/span><\/p><\/div><div class=\"w-vwrapper usg_vwrapper_2 align_none valign_top\"><div class=\"w-post-elm post_image usg_post_image_1 has_ratio\"><a href=\"https:\/\/www.belgianboilercompany.com\/fr\/referentie\/modernisation-de-la-cheminee\/\" aria-label=\"Modernisation de la chemin\u00e9e\"><img loading=\"lazy\" decoding=\"async\" width=\"768\" height=\"1024\" src=\"https:\/\/www.belgianboilercompany.com\/wp-content\/uploads\/2024\/10\/revamping-stoomketel-Verviers-768x1024.jpg\" class=\"attachment-large size-large wp-post-image\" alt=\"Revamping stoomketel\" \/><\/a><div style=\"padding-bottom:75%\"><\/div><\/div><\/div>\t\t<\/div>\r\n\t\t\t<\/article>\r\n\t<article class=\"w-grid-item post-1340 referentie type-referentie status-publish has-post-thumbnail hentry\" data-id=\"1340\">\r\n\t\t<div class=\"w-grid-item-h\">\r\n\t\t\t\t\t\t<div class=\"w-vwrapper usg_vwrapper_3 align_none valign_top\"><h3 class=\"w-post-elm post_title usg_post_title_1 entry-title color_link_inherit\"><a href=\"https:\/\/www.belgianboilercompany.com\/fr\/referentie\/modernisation-de-la-chaudiere-a-vapeur-de-lusine-de-traitement-du-lait\/\">Modernisation de la chaudi\u00e8re \u00e0 vapeur de l&rsquo;usine de traitement du lait<\/a><\/h3><div class=\"w-post-elm post_custom_field usg_post_custom_field_2 type_text locatie color_link_inherit\"><span class=\"w-post-elm-value\">Eschweiler - Luxembourg<\/span><\/div><p class=\"w-text usg_text_1 moreinfo icon_atright\"><a href=\"https:\/\/www.belgianboilercompany.com\/fr\/referentie\/modernisation-de-la-chaudiere-a-vapeur-de-lusine-de-traitement-du-lait\/\" class=\"w-text-h\"><span class=\"w-text-value\">DETAILES<\/span><i class=\"fas fa-plus\"><\/i><\/a><\/p><\/div><div class=\"w-vwrapper usg_vwrapper_1 align_none valign_top\"><p class=\"w-post-elm post_custom_field usg_post_custom_field_1 type_text shortsummary color_link_inherit\"><span class=\"w-post-elm-value\">Remplacement d'une ancienne chaudi\u00e8re Loos par une nouvelle chaudi\u00e8re \u00e0 vapeur Bosch, \u00e9conome en \u00e9nergie et performante.<\/span><\/p><\/div><div class=\"w-vwrapper usg_vwrapper_2 align_none valign_top\"><div class=\"w-post-elm post_image usg_post_image_1 has_ratio\"><a href=\"https:\/\/www.belgianboilercompany.com\/fr\/referentie\/modernisation-de-la-chaudiere-a-vapeur-de-lusine-de-traitement-du-lait\/\" aria-label=\"Modernisation de la chaudi\u00e8re \u00e0 vapeur de l&rsquo;usine de traitement du lait\"><img loading=\"lazy\" decoding=\"async\" width=\"1024\" height=\"768\" src=\"https:\/\/www.belgianboilercompany.com\/wp-content\/uploads\/2024\/10\/Vervanging-oude-Loos-ketel-naar-nieuwe-Bosch-stoomketel-1024x768.jpg\" class=\"attachment-large size-large wp-post-image\" alt=\"Stoomketelinstallatie\" \/><\/a><div style=\"padding-bottom:75%\"><\/div><\/div><\/div>\t\t<\/div>\r\n\t\t\t<\/article>\r\n\t<article class=\"w-grid-item post-1326 referentie type-referentie status-publish has-post-thumbnail hentry\" data-id=\"1326\">\r\n\t\t<div class=\"w-grid-item-h\">\r\n\t\t\t\t\t\t<div class=\"w-vwrapper usg_vwrapper_3 align_none valign_top\"><h3 class=\"w-post-elm post_title usg_post_title_1 entry-title color_link_inherit\"><a href=\"https:\/\/www.belgianboilercompany.com\/fr\/referentie\/remplacement-dun-degazeur-dans-une-entreprise-pharmaceutique\/\">Remplacement d&rsquo;un d\u00e9gazeur dans une entreprise pharmaceutique<\/a><\/h3><div class=\"w-post-elm post_custom_field usg_post_custom_field_2 type_text locatie color_link_inherit\"><span class=\"w-post-elm-value\">Puurs - Anvers<\/span><\/div><p class=\"w-text usg_text_1 moreinfo icon_atright\"><a href=\"https:\/\/www.belgianboilercompany.com\/fr\/referentie\/remplacement-dun-degazeur-dans-une-entreprise-pharmaceutique\/\" class=\"w-text-h\"><span class=\"w-text-value\">DETAILES<\/span><i class=\"fas fa-plus\"><\/i><\/a><\/p><\/div><div class=\"w-vwrapper usg_vwrapper_1 align_none valign_top\"><p class=\"w-post-elm post_custom_field usg_post_custom_field_1 type_text shortsummary color_link_inherit\"><span class=\"w-post-elm-value\">Remplacement d'un d\u00e9gazeur dans une centrale \u00e0 vapeur existante.<\/span><\/p><\/div><div class=\"w-vwrapper usg_vwrapper_2 align_none valign_top\"><div class=\"w-post-elm post_image usg_post_image_1 has_ratio\"><a href=\"https:\/\/www.belgianboilercompany.com\/fr\/referentie\/remplacement-dun-degazeur-dans-une-entreprise-pharmaceutique\/\" aria-label=\"Remplacement d&rsquo;un d\u00e9gazeur dans une entreprise pharmaceutique\"><img loading=\"lazy\" decoding=\"async\" width=\"1024\" height=\"768\" src=\"https:\/\/www.belgianboilercompany.com\/wp-content\/uploads\/2024\/10\/stoomketel-farmacie-puurs-1024x768.jpg\" class=\"attachment-large size-large wp-post-image\" alt=\"Ontgasser\" \/><\/a><div style=\"padding-bottom:75%\"><\/div><\/div><\/div>\t\t<\/div>\r\n\t\t\t<\/article>\r\n<\/div><div class=\"w-grid-carousel-json hidden\" onclick='return {&quot;carousel_settings&quot;:{&quot;aria_labels&quot;:{&quot;prev&quot;:&quot;Pr\\u00e9c\\u00e9dent&quot;,&quot;next&quot;:&quot;Suivant&quot;},&quot;autoplayContinual&quot;:false,&quot;autoplayHoverPause&quot;:false,&quot;autoplayTimeout&quot;:3000,&quot;autoWidth&quot;:false,&quot;smartSpeed&quot;:350,&quot;margin&quot;:0,&quot;mouseDrag&quot;:true,&quot;rtl&quot;:false,&quot;slideBy&quot;:&quot;1&quot;,&quot;touchDrag&quot;:true,&quot;slideTransition&quot;:&quot;&quot;,&quot;responsive&quot;:{&quot;0&quot;:{&quot;autoHeight&quot;:false,&quot;autoplay&quot;:true,&quot;autoWidth&quot;:false,&quot;center&quot;:false,&quot;dots&quot;:true,&quot;items&quot;:1,&quot;loop&quot;:true,&quot;nav&quot;:false,&quot;stagePadding&quot;:0,&quot;slideBy&quot;:&quot;1&quot;},&quot;768&quot;:{&quot;autoHeight&quot;:false,&quot;autoplay&quot;:true,&quot;autoWidth&quot;:false,&quot;center&quot;:false,&quot;dots&quot;:true,&quot;items&quot;:2,&quot;loop&quot;:true,&quot;nav&quot;:false,&quot;stagePadding&quot;:0,&quot;slideBy&quot;:&quot;1&quot;},&quot;1025&quot;:{&quot;autoHeight&quot;:false,&quot;autoplay&quot;:true,&quot;autoWidth&quot;:false,&quot;center&quot;:false,&quot;dots&quot;:true,&quot;items&quot;:3,&quot;loop&quot;:false,&quot;nav&quot;:false,&quot;stagePadding&quot;:0,&quot;slideBy&quot;:&quot;1&quot;},&quot;1401&quot;:{&quot;items&quot;:3,&quot;autoplay&quot;:false,&quot;center&quot;:false,&quot;dots&quot;:true,&quot;nav&quot;:false,&quot;autoHeight&quot;:false,&quot;autoWidth&quot;:false,&quot;loop&quot;:false,&quot;stagePadding&quot;:0}}}}'><\/div><\/div><\/div><\/div><\/div><\/div><\/div><\/section>\n","protected":false},"excerpt":{"rendered":"","protected":false},"author":1,"featured_media":0,"parent":0,"menu_order":4,"comment_status":"closed","ping_status":"closed","template":"","meta":{"_acf_changed":false,"footnotes":""},"class_list":["post-1238","page","type-page","status-publish","hentry"],"acf":[],"_links":{"self":[{"href":"https:\/\/www.belgianboilercompany.com\/fr\/wp-json\/wp\/v2\/pages\/1238","targetHints":{"allow":["GET"]}}],"collection":[{"href":"https:\/\/www.belgianboilercompany.com\/fr\/wp-json\/wp\/v2\/pages"}],"about":[{"href":"https:\/\/www.belgianboilercompany.com\/fr\/wp-json\/wp\/v2\/types\/page"}],"author":[{"embeddable":true,"href":"https:\/\/www.belgianboilercompany.com\/fr\/wp-json\/wp\/v2\/users\/1"}],"replies":[{"embeddable":true,"href":"https:\/\/www.belgianboilercompany.com\/fr\/wp-json\/wp\/v2\/comments?post=1238"}],"version-history":[{"count":8,"href":"https:\/\/www.belgianboilercompany.com\/fr\/wp-json\/wp\/v2\/pages\/1238\/revisions"}],"predecessor-version":[{"id":1525,"href":"https:\/\/www.belgianboilercompany.com\/fr\/wp-json\/wp\/v2\/pages\/1238\/revisions\/1525"}],"wp:attachment":[{"href":"https:\/\/www.belgianboilercompany.com\/fr\/wp-json\/wp\/v2\/media?parent=1238"}],"curies":[{"name":"wp","href":"https:\/\/api.w.org\/{rel}","templated":true}]}}