{"id":1346,"date":"2024-04-19T11:12:10","date_gmt":"2024-04-19T09:12:10","guid":{"rendered":"https:\/\/www.belgianboilercompany.com\/emplois\/"},"modified":"2024-11-08T15:39:41","modified_gmt":"2024-11-08T13:39:41","slug":"emplois","status":"publish","type":"page","link":"https:\/\/www.belgianboilercompany.com\/fr\/emplois\/","title":{"rendered":"Emplois"},"content":{"rendered":"<section class=\"l-section wpb_row height_medium\"><div class=\"l-section-h i-cf\"><div class=\"g-cols vc_row via_flex valign_top type_default stacking_default\"><div class=\"vc_col-sm-8 wpb_column vc_column_container\"><div class=\"vc_column-inner\"><div class=\"wpb_wrapper\"><div class=\"wpb_text_column brdrtxt\"><div class=\"wpb_wrapper\"><h1>Emplois<\/h1>\n<\/div><\/div><div class=\"w-separator size_medium\"><\/div><div class=\"wpb_text_column redtxt\"><div class=\"wpb_wrapper\"><p>Vous \u00eates \u00e0 la recherche d&rsquo;une carri\u00e8re stimulante dans le secteur des chaudi\u00e8res industrielles ? Chez Belgian Boiler Company, nous avons r\u00e9guli\u00e8rement des postes vacants pour des techniciens et des ing\u00e9nieurs exp\u00e9riment\u00e9s. Rejoignez notre \u00e9quipe d&rsquo;experts et travaillez sur des solutions innovantes pour nos clients. Consultez nos offres d&#8217;emploi et postulez d\u00e8s aujourd&rsquo;hui pour faire partie d&rsquo;une entreprise dynamique ax\u00e9e sur la qualit\u00e9 et l&rsquo;efficacit\u00e9. <\/p>\n<\/div><\/div><\/div><\/div><\/div><div class=\"vc_col-sm-4 wpb_column vc_column_container\"><div class=\"vc_column-inner\"><div class=\"wpb_wrapper\"><\/div><\/div><\/div><\/div><\/div><\/section><section class=\"l-section wpb_row us_custom_9ccc05f2 height_large\"><div class=\"l-section-h i-cf\"><div class=\"g-cols vc_row via_flex valign_top type_default stacking_default\"><div class=\"vc_col-sm-12 wpb_column vc_column_container\"><div class=\"vc_column-inner\"><div class=\"wpb_wrapper\"><div class=\"w-grid us_grid maingrid type_grid layout_174 cols_3 preload_style_spinner\" id=\"us_grid_1\" style=\"--columns:3;--gap:1rem;\" data-filterable=\"true\"><style>@media (max-width:1024px){#us_grid_1{--columns:2!important}}@media (max-width:767px){#us_grid_1{--columns:1!important}}.layout_174 .w-grid-item-h{}.layout_174 .usg_vwrapper_3{background:#ffffff!important}.layout_174 .usg_text_1{font-weight:700!important}.layout_174 .usg_vwrapper_1{background:#ffffff!important}<\/style><div class=\"w-grid-list\">\t<article class=\"w-grid-item size_1x1 post-1299 vacature type-vacature status-publish hentry\" data-id=\"1299\">\r\n\t\t<div class=\"w-grid-item-h\">\r\n\t\t\t\t\t\t<div class=\"w-vwrapper usg_vwrapper_3 align_none valign_top\"><h3 class=\"w-post-elm post_title usg_post_title_1 entry-title color_link_inherit\"><a href=\"https:\/\/www.belgianboilercompany.com\/fr\/vacature\/technicien-en-bruleurs-industriels\/\">Technicien en br\u00fbleurs industriels<\/a><\/h3><p class=\"w-text usg_text_1 moreinfo icon_atright\"><a href=\"https:\/\/www.belgianboilercompany.com\/fr\/vacature\/technicien-en-bruleurs-industriels\/\" class=\"w-text-h\"><span class=\"w-text-value\">PLUS D&rsquo;INFOS<\/span><i class=\"fas fa-plus\"><\/i><\/a><\/p><\/div><div class=\"w-vwrapper usg_vwrapper_1 align_none valign_top\"><p class=\"w-post-elm post_custom_field usg_post_custom_field_1 type_text extra_info color_link_inherit\"><span class=\"w-post-elm-value\">Dans le cadre de la poursuite de l'expansion du service apr\u00e8s-vente, nous recherchons rapidement un technicien en br\u00fbleurs industriels.<\/span><\/p><\/div>\t\t<\/div>\r\n\t\t\t<\/article>\r\n\t<article class=\"w-grid-item size_1x1 post-1297 vacature type-vacature status-publish hentry\" data-id=\"1297\">\r\n\t\t<div class=\"w-grid-item-h\">\r\n\t\t\t\t\t\t<div class=\"w-vwrapper usg_vwrapper_3 align_none valign_top\"><h3 class=\"w-post-elm post_title usg_post_title_1 entry-title color_link_inherit\"><a href=\"https:\/\/www.belgianboilercompany.com\/fr\/vacature\/technicien-junior-en-bruleurs-industriels\/\">Technicien junior en br\u00fbleurs industriels<\/a><\/h3><p class=\"w-text usg_text_1 moreinfo icon_atright\"><a href=\"https:\/\/www.belgianboilercompany.com\/fr\/vacature\/technicien-junior-en-bruleurs-industriels\/\" class=\"w-text-h\"><span class=\"w-text-value\">PLUS D&rsquo;INFOS<\/span><i class=\"fas fa-plus\"><\/i><\/a><\/p><\/div><div class=\"w-vwrapper usg_vwrapper_1 align_none valign_top\"><p class=\"w-post-elm post_custom_field usg_post_custom_field_1 type_text extra_info color_link_inherit\"><span class=\"w-post-elm-value\">Dans le cadre de la poursuite de l'expansion du service apr\u00e8s-vente, nous recherchons \u00e0 court terme un technicien junior en br\u00fbleurs industriels.<\/span><\/p><\/div>\t\t<\/div>\r\n\t\t\t<\/article>\r\n\t<article class=\"w-grid-item size_1x1 post-1295 vacature type-vacature status-publish hentry\" data-id=\"1295\">\r\n\t\t<div class=\"w-grid-item-h\">\r\n\t\t\t\t\t\t<div class=\"w-vwrapper usg_vwrapper_3 align_none valign_top\"><h3 class=\"w-post-elm post_title usg_post_title_1 entry-title color_link_inherit\"><a href=\"https:\/\/www.belgianboilercompany.com\/fr\/vacature\/chef-dequipe-apres-vente\/\">Chef d&rsquo;\u00e9quipe apr\u00e8s-vente<\/a><\/h3><p class=\"w-text usg_text_1 moreinfo icon_atright\"><a href=\"https:\/\/www.belgianboilercompany.com\/fr\/vacature\/chef-dequipe-apres-vente\/\" class=\"w-text-h\"><span class=\"w-text-value\">PLUS D&rsquo;INFOS<\/span><i class=\"fas fa-plus\"><\/i><\/a><\/p><\/div><div class=\"w-vwrapper usg_vwrapper_1 align_none valign_top\"><p class=\"w-post-elm post_custom_field usg_post_custom_field_1 type_text extra_info color_link_inherit\"><span class=\"w-post-elm-value\">Dans le cadre de l'expansion du service apr\u00e8s-vente, nous recherchons rapidement un chef d'\u00e9quipe apr\u00e8s-vente.<\/span><\/p><\/div>\t\t<\/div>\r\n\t\t\t<\/article>\r\n<\/div>\t<div class=\"w-grid-preloader\">\r\n\t\t<div class=\"g-preloader type_1\">\r\n\t\t\t<div><\/div>\r\n\t\t<\/div>\r\n\t<\/div>\r\n\t\t<div class=\"w-grid-json hidden\" onclick='return {&quot;action&quot;:&quot;us_ajax_grid&quot;,&quot;infinite_scroll&quot;:0,&quot;max_num_pages&quot;:1,&quot;pagination&quot;:&quot;none&quot;,&quot;template_vars&quot;:{&quot;columns&quot;:&quot;3&quot;,&quot;exclude_items&quot;:&quot;none&quot;,&quot;img_size&quot;:&quot;default&quot;,&quot;ignore_items_size&quot;:0,&quot;items_layout&quot;:&quot;174&quot;,&quot;items_offset&quot;:&quot;1&quot;,&quot;load_animation&quot;:&quot;none&quot;,&quot;overriding_link&quot;:&quot;%7B%22url%22%3A%22%22%7D&quot;,&quot;post_id&quot;:0,&quot;query_args&quot;:{&quot;post_type&quot;:[&quot;vacature&quot;],&quot;post_status&quot;:[&quot;publish&quot;,&quot;acf-disabled&quot;],&quot;posts_per_page&quot;:999},&quot;orderby_query_args&quot;:{&quot;orderby&quot;:{&quot;post__in&quot;:&quot;ASC&quot;},&quot;order&quot;:&quot;ASC&quot;},&quot;type&quot;:&quot;grid&quot;,&quot;us_grid_post_type&quot;:&quot;vacature&quot;,&quot;us_grid_ajax_index&quot;:1,&quot;us_grid_filter_query_string&quot;:null,&quot;us_grid_index&quot;:1,&quot;page_args&quot;:[],&quot;lang&quot;:&quot;fr&quot;}}'><\/div>\r\n\t<\/div><\/div><\/div><\/div><\/div><\/div><\/section><section class=\"l-section wpb_row us_custom_91370b8f height_auto width_full\"><div class=\"l-section-h i-cf\"><div class=\"g-cols vc_row via_flex valign_top type_default stacking_default\"><div class=\"vc_col-sm-12 wpb_column vc_column_container\"><div class=\"vc_column-inner\"><div class=\"wpb_wrapper\"><\/div><\/div><\/div><\/div><\/div><\/section>\n","protected":false},"excerpt":{"rendered":"","protected":false},"author":1,"featured_media":0,"parent":0,"menu_order":12,"comment_status":"closed","ping_status":"closed","template":"","meta":{"_acf_changed":false,"footnotes":""},"class_list":["post-1346","page","type-page","status-publish","hentry"],"acf":[],"_links":{"self":[{"href":"https:\/\/www.belgianboilercompany.com\/fr\/wp-json\/wp\/v2\/pages\/1346","targetHints":{"allow":["GET"]}}],"collection":[{"href":"https:\/\/www.belgianboilercompany.com\/fr\/wp-json\/wp\/v2\/pages"}],"about":[{"href":"https:\/\/www.belgianboilercompany.com\/fr\/wp-json\/wp\/v2\/types\/page"}],"author":[{"embeddable":true,"href":"https:\/\/www.belgianboilercompany.com\/fr\/wp-json\/wp\/v2\/users\/1"}],"replies":[{"embeddable":true,"href":"https:\/\/www.belgianboilercompany.com\/fr\/wp-json\/wp\/v2\/comments?post=1346"}],"version-history":[{"count":10,"href":"https:\/\/www.belgianboilercompany.com\/fr\/wp-json\/wp\/v2\/pages\/1346\/revisions"}],"predecessor-version":[{"id":1377,"href":"https:\/\/www.belgianboilercompany.com\/fr\/wp-json\/wp\/v2\/pages\/1346\/revisions\/1377"}],"wp:attachment":[{"href":"https:\/\/www.belgianboilercompany.com\/fr\/wp-json\/wp\/v2\/media?parent=1346"}],"curies":[{"name":"wp","href":"https:\/\/api.w.org\/{rel}","templated":true}]}}