{"id":1355,"date":"2024-01-13T19:29:24","date_gmt":"2024-01-13T17:29:24","guid":{"rendered":"https:\/\/www.belgianboilercompany.com\/chaudiere-de-location\/"},"modified":"2025-09-26T14:36:06","modified_gmt":"2025-09-26T12:36:06","slug":"location-chaudieres","status":"publish","type":"page","link":"https:\/\/www.belgianboilercompany.com\/fr\/location-chaudieres\/","title":{"rendered":"Location Chaudi\u00e8res"},"content":{"rendered":"<section class=\"l-section wpb_row detailpage height_auto\"><div class=\"l-section-h i-cf\"><div class=\"g-cols vc_row via_flex valign_bottom type_default stacking_default\"><div class=\"vc_col-sm-12 vc_col-lg-6 vc_col-md-6 vc_col-xs-12 wpb_column vc_column_container has_bg_color stretched\"><div class=\"vc_column-inner us_custom_50dbd8a7\"><div class=\"wpb_wrapper\"><div class=\"w-image us_custom_c5d3aabb has_height align_none\"><div class=\"w-image-h\"><img decoding=\"async\" width=\"496\" height=\"1024\" src=\"https:\/\/www.belgianboilercompany.com\/wp-content\/uploads\/2024\/01\/Left-image-small-496x1024.png\" class=\"attachment-large size-large\" alt=\"\" loading=\"lazy\" srcset=\"https:\/\/www.belgianboilercompany.com\/wp-content\/uploads\/2024\/01\/Left-image-small-496x1024.png 496w, https:\/\/www.belgianboilercompany.com\/wp-content\/uploads\/2024\/01\/Left-image-small-145x300.png 145w, https:\/\/www.belgianboilercompany.com\/wp-content\/uploads\/2024\/01\/Left-image-small.png 650w\" sizes=\"auto, (max-width: 496px) 100vw, 496px\" \/><\/div><\/div><\/div><\/div><\/div><div class=\"vc_col-sm-1 vc_hidden-md vc_hidden-sm vc_hidden-xs wpb_column vc_column_container\"><div class=\"vc_column-inner\"><div class=\"wpb_wrapper\"><\/div><\/div><\/div><div class=\"vc_col-sm-12 vc_col-lg-5 vc_col-md-6 vc_col-xs-12 wpb_column vc_column_container\"><div class=\"vc_column-inner\"><div class=\"wpb_wrapper\"><div class=\"wpb_text_column brdrtxt\"><div class=\"wpb_wrapper\"><h1>Location Chaudi\u00e8res<\/h1>\n<\/div><\/div><div class=\"w-separator size_huge\"><\/div><div class=\"wpb_text_column redtxt\"><div class=\"wpb_wrapper\"><p>Belgian Boiler Company propose de multiples options de location int\u00e9ressantes. Toutes nos chaudi\u00e8res mobiles portent le marquage CE. Elles sont \u00e9quip\u00e9es d&rsquo;un br\u00fbleur bicombustible pouvant fonctionner au fioul l\u00e9ger ou au gaz naturel \u00e0 une pression comprise entre 100 mbarg et 8 barg. Celles-ci r\u00e9pondent aux exigences environnementales les plus strictes que ce soit en Flandre, en Wallonie ou au Grand-Duch\u00e9 de Luxembourg.<\/p>\n<\/div><\/div><div class=\"w-separator size_huge\"><\/div><div class=\"w-btn-wrapper align_none\"><a class=\"w-btn us-btn-style_2 us_custom_f77c4fa6 brdrbtnblue longer\" href=\"https:\/\/www.belgianboilercompany.com\/fr\/contact\/\"><span class=\"w-btn-label\">CONTACTEZ-NOUS<\/span><\/a><\/div><\/div><\/div><\/div><\/div><\/div><\/section><section class=\"l-section wpb_row us_custom_9ccc05f2 height_large\"><div class=\"l-section-h i-cf\"><div class=\"g-cols vc_row via_flex valign_top type_default stacking_default\"><div class=\"vc_col-sm-12 wpb_column vc_column_container\"><div class=\"vc_column-inner\"><div class=\"wpb_wrapper\"><div class=\"w-grid us_grid maingrid type_grid layout_174 cols_2 preload_style_spinner\" id=\"us_grid_1\" style=\"--columns:2;--gap:1rem;\"><style>@media (max-width:767px){#us_grid_1{--columns:1!important}}.layout_174 .w-grid-item-h{}.layout_174 .usg_vwrapper_3{background:#ffffff!important}.layout_174 .usg_text_1{font-weight:700!important}.layout_174 .usg_vwrapper_1{background:#ffffff!important}<\/style><div class=\"w-grid-list\">\t<article class=\"w-grid-item size_1x1 post-1382 page type-page status-publish hentry\" data-id=\"1382\">\r\n\t\t<div class=\"w-grid-item-h\">\r\n\t\t\t\t\t\t<div class=\"w-vwrapper usg_vwrapper_3 align_none valign_top\"><h3 class=\"w-post-elm post_title usg_post_title_1 entry-title color_link_inherit\"><a href=\"https:\/\/www.belgianboilercompany.com\/fr\/location-dune-chaudiere-vapeur\/\">Location d\u2019une chaudi\u00e8re vapeur<\/a><\/h3><p class=\"w-text usg_text_1 moreinfo icon_atright\"><a href=\"https:\/\/www.belgianboilercompany.com\/fr\/location-dune-chaudiere-vapeur\/\" class=\"w-text-h\"><span class=\"w-text-value\">PLUS D&rsquo;INFOS<\/span><i class=\"fas fa-plus\"><\/i><\/a><\/p><\/div><div class=\"w-vwrapper usg_vwrapper_1 align_none valign_top\"><p class=\"w-post-elm post_custom_field usg_post_custom_field_1 type_text extra_info color_link_inherit\"><span class=\"w-post-elm-value\">La location d'une chaudi\u00e8re vapeur mobile peut \u00eatre une solution rentable et pratique pour toutes entreprises ayant besoin d'une certaine capacit\u00e9 de vapeur (temporaire ou \u00e0 court terme) ou qui ne d\u00e9sirent pas r\u00e9aliser un investissement initial important. Les chaudi\u00e8res mobiles de location sont disponibles dans une gamme allant de 1 t\/h \u00e0 16 t\/h par unit\u00e9 et des pressions allant de 5 barg \u00e0 25 barg. <\/span><\/p><\/div>\t\t<\/div>\r\n\t\t\t<\/article>\r\n\t<article class=\"w-grid-item size_1x1 post-1361 page type-page status-publish hentry\" data-id=\"1361\">\r\n\t\t<div class=\"w-grid-item-h\">\r\n\t\t\t\t\t\t<div class=\"w-vwrapper usg_vwrapper_3 align_none valign_top\"><h3 class=\"w-post-elm post_title usg_post_title_1 entry-title color_link_inherit\"><a href=\"https:\/\/www.belgianboilercompany.com\/fr\/location-dune-chaudiere-de-chauffage-industriel\/\">Location d\u2019une chaudi\u00e8re de chauffage industriel<\/a><\/h3><p class=\"w-text usg_text_1 moreinfo icon_atright\"><a href=\"https:\/\/www.belgianboilercompany.com\/fr\/location-dune-chaudiere-de-chauffage-industriel\/\" class=\"w-text-h\"><span class=\"w-text-value\">PLUS D&rsquo;INFOS<\/span><i class=\"fas fa-plus\"><\/i><\/a><\/p><\/div><div class=\"w-vwrapper usg_vwrapper_1 align_none valign_top\"><p class=\"w-post-elm post_custom_field usg_post_custom_field_1 type_text extra_info color_link_inherit\"><span class=\"w-post-elm-value\">La location d'une chaudi\u00e8re industrielle mobile peut \u00eatre une solution rentable et pratique pour les entreprises qui n'ont qu'un besoin temporaire ou \u00e0 court terme de capacit\u00e9 suppl\u00e9mentaire ou qui ne veulent pas r\u00e9aliser un investissement initial important.<\/span><\/p><\/div>\t\t<\/div>\r\n\t\t\t<\/article>\r\n<\/div>\t<div class=\"w-grid-preloader\">\r\n\t\t<div class=\"g-preloader type_1\">\r\n\t\t\t<div><\/div>\r\n\t\t<\/div>\r\n\t<\/div>\r\n\t\t<div class=\"w-grid-json hidden\" onclick='return {&quot;action&quot;:&quot;us_ajax_grid&quot;,&quot;infinite_scroll&quot;:0,&quot;max_num_pages&quot;:1,&quot;pagination&quot;:&quot;none&quot;,&quot;template_vars&quot;:{&quot;columns&quot;:&quot;2&quot;,&quot;exclude_items&quot;:&quot;none&quot;,&quot;img_size&quot;:&quot;default&quot;,&quot;ignore_items_size&quot;:0,&quot;items_layout&quot;:&quot;174&quot;,&quot;items_offset&quot;:&quot;1&quot;,&quot;load_animation&quot;:&quot;none&quot;,&quot;overriding_link&quot;:&quot;%7B%22url%22%3A%22%22%7D&quot;,&quot;post_id&quot;:0,&quot;query_args&quot;:{&quot;ignore_sticky_posts&quot;:1,&quot;post_type&quot;:&quot;any&quot;,&quot;post__in&quot;:[&quot;41&quot;,&quot;53&quot;],&quot;posts_per_page&quot;:999},&quot;orderby_query_args&quot;:{&quot;orderby&quot;:{&quot;post__in&quot;:&quot;ASC&quot;},&quot;order&quot;:&quot;ASC&quot;},&quot;type&quot;:&quot;grid&quot;,&quot;us_grid_post_type&quot;:&quot;ids&quot;,&quot;us_grid_ajax_index&quot;:1,&quot;us_grid_filter_query_string&quot;:null,&quot;us_grid_index&quot;:1,&quot;page_args&quot;:[],&quot;lang&quot;:&quot;fr&quot;}}'><\/div>\r\n\t<\/div><\/div><\/div><\/div><\/div><\/div><\/section><section class=\"l-section wpb_row height_large\"><div class=\"l-section-h i-cf\"><div class=\"g-cols vc_row via_flex valign_top type_default stacking_default\"><div class=\"vc_col-sm-12 wpb_column vc_column_container\"><div class=\"vc_column-inner\"><div class=\"wpb_wrapper\"><div class=\"wpb_text_column brdrtxt\"><div class=\"wpb_wrapper\"><h2>Location de mat\u00e9riel et accessoires pour chaudi\u00e8re mobile<\/h2>\n<\/div><\/div><div class=\"g-cols wpb_row via_flex valign_top type_default stacking_default\"><div class=\"vc_col-sm-8 wpb_column vc_column_container\"><div class=\"vc_column-inner\"><div class=\"wpb_wrapper\"><div class=\"w-separator size_medium\"><\/div><div class=\"wpb_text_column\"><div class=\"wpb_wrapper\"><p>Nos unit\u00e9s de location sont \u00e9quip\u00e9es de tous les accessoires n\u00e9cessaires pour fonctionner sans surveillance pendant 24 heures et sont int\u00e9gr\u00e9es dans une enceinte insonoris\u00e9e. De plus, tous les composants tels que les br\u00fbleurs, les armoires de commande et les rampes de gaz sont int\u00e9gr\u00e9s dans cette m\u00eame enceinte pour faciliter le transport. Nous pouvons \u00e9galement fournir des accessoires tels que des d\u00e9gazeurs thermiques, des b\u00e2ches d&rsquo;alimentation en eau, des adoucisseurs d&rsquo;eau, des flexibles, des r\u00e9servoirs de stockage pour mazout de chauffage, etc. en fonction de vos besoins et exigences sp\u00e9cifiques.<\/p>\n<\/div><\/div><\/div><\/div><\/div><div class=\"vc_col-sm-4 wpb_column vc_column_container\"><div class=\"vc_column-inner\"><div class=\"wpb_wrapper\"><\/div><\/div><\/div><\/div><\/div><\/div><\/div><\/div><\/div><\/section><section class=\"l-section wpb_row us_custom_9ccc05f2 padleftzero imgcarroussel height_auto\"><div class=\"l-section-h i-cf\"><div class=\"g-cols vc_row via_flex valign_middle type_default stacking_default\"><div class=\"vc_col-sm-6 vc_col-xs-12 wpb_column vc_column_container\"><div class=\"vc_column-inner\"><div class=\"wpb_wrapper\"><div class=\"w-separator size_huge\"><\/div><div class=\"wpb_text_column us_custom_6df4bc3a brdrtxtwhite has_text_color\"><div class=\"wpb_wrapper\"><h2>Intervention rapide<\/h2>\n<\/div><\/div><div class=\"w-separator size_medium\"><\/div><div class=\"wpb_text_column us_custom_6df4bc3a has_text_color\"><div class=\"wpb_wrapper\"><p>Vous pouvez compter sur une installation s\u00e9curis\u00e9e, aux performances optimale, respectant les normes environnementales ainsi qu&rsquo;une excellente assistance de la part de notre \u00e9quipe d&rsquo;experts. En urgence, nous pouvons \u00eatre sur site dans les 48 heures afin de solutionner un probl\u00e8me de production sur l&rsquo;installation existante du client. Obtenez plus d&rsquo;informations sur nos options de location d\u00e8s aujourd&rsquo;hui et d\u00e9couvrez ce que nous pouvons faire pour vous aider.<\/p>\n<\/div><\/div><div class=\"w-separator size_huge\"><\/div><\/div><\/div><\/div><div class=\"vc_col-sm-6 vc_col-xs-12 wpb_column vc_column_container stretched\"><div class=\"vc_column-inner\"><div class=\"wpb_wrapper\"><div class=\"w-grid us_carousel mheight type_carousel layout_235 preload_style_spinner\" id=\"us_grid_2\"><style>.layout_235 .w-grid-item-h{}<\/style><div class=\"w-grid-list owl-carousel valign_stretch dotstyle_circle navstyle_circle arrows-ver-pos_middle arrows-hor-pos_on_sides_outside arrows-disabled_hide owl-responsive-2000 with_dots\" style=\"--transition-duration:350ms;\">\t<article class=\"w-grid-item post-990 attachment type-attachment status-inherit hentry\" data-id=\"990\">\r\n\t\t<div class=\"w-grid-item-h\">\r\n\t\t\t\t\t\t<div class=\"w-image usg_image_1\"><div class=\"w-image-h\"><img decoding=\"async\" width=\"768\" height=\"1024\" src=\"https:\/\/www.belgianboilercompany.com\/wp-content\/uploads\/2024\/03\/IMG_20200826_194157624-768x1024.jpg\" class=\"attachment-large size-large\" alt=\"\" loading=\"lazy\" srcset=\"https:\/\/www.belgianboilercompany.com\/wp-content\/uploads\/2024\/03\/IMG_20200826_194157624-768x1024.jpg 768w, https:\/\/www.belgianboilercompany.com\/wp-content\/uploads\/2024\/03\/IMG_20200826_194157624-225x300.jpg 225w, https:\/\/www.belgianboilercompany.com\/wp-content\/uploads\/2024\/03\/IMG_20200826_194157624.jpg 1500w\" sizes=\"auto, (max-width: 768px) 100vw, 768px\" \/><\/div><\/div>\t\t<\/div>\r\n\t\t\t<\/article>\r\n\t<article class=\"w-grid-item post-991 attachment type-attachment status-inherit hentry\" data-id=\"991\">\r\n\t\t<div class=\"w-grid-item-h\">\r\n\t\t\t\t\t\t<div class=\"w-image usg_image_1\"><div class=\"w-image-h\"><img decoding=\"async\" width=\"1024\" height=\"610\" src=\"https:\/\/www.belgianboilercompany.com\/wp-content\/uploads\/2024\/03\/Plaatsing_Huurketels-1024x610.jpg\" class=\"attachment-large size-large\" alt=\"\" loading=\"lazy\" srcset=\"https:\/\/www.belgianboilercompany.com\/wp-content\/uploads\/2024\/03\/Plaatsing_Huurketels-1024x610.jpg 1024w, https:\/\/www.belgianboilercompany.com\/wp-content\/uploads\/2024\/03\/Plaatsing_Huurketels-300x179.jpg 300w, https:\/\/www.belgianboilercompany.com\/wp-content\/uploads\/2024\/03\/Plaatsing_Huurketels.jpg 2000w\" sizes=\"auto, (max-width: 1024px) 100vw, 1024px\" \/><\/div><\/div>\t\t<\/div>\r\n\t\t\t<\/article>\r\n\t<article class=\"w-grid-item post-989 attachment type-attachment status-inherit hentry\" data-id=\"989\">\r\n\t\t<div class=\"w-grid-item-h\">\r\n\t\t\t\t\t\t<div class=\"w-image usg_image_1\"><div class=\"w-image-h\"><img decoding=\"async\" width=\"944\" height=\"1024\" src=\"https:\/\/www.belgianboilercompany.com\/wp-content\/uploads\/2024\/03\/IMG_7701-e1729671227417-944x1024.jpg\" class=\"attachment-large size-large\" alt=\"\" loading=\"lazy\" srcset=\"https:\/\/www.belgianboilercompany.com\/wp-content\/uploads\/2024\/03\/IMG_7701-e1729671227417-944x1024.jpg 944w, https:\/\/www.belgianboilercompany.com\/wp-content\/uploads\/2024\/03\/IMG_7701-e1729671227417-276x300.jpg 276w, https:\/\/www.belgianboilercompany.com\/wp-content\/uploads\/2024\/03\/IMG_7701-e1729671227417.jpg 1596w\" sizes=\"auto, (max-width: 944px) 100vw, 944px\" \/><\/div><\/div>\t\t<\/div>\r\n\t\t\t<\/article>\r\n\t<article class=\"w-grid-item post-992 attachment type-attachment status-inherit hentry\" data-id=\"992\">\r\n\t\t<div class=\"w-grid-item-h\">\r\n\t\t\t\t\t\t<div class=\"w-image usg_image_1\"><div class=\"w-image-h\"><img decoding=\"async\" width=\"1024\" height=\"782\" src=\"https:\/\/www.belgianboilercompany.com\/wp-content\/uploads\/2024\/03\/VH-Moulin-1024x782.jpg\" class=\"attachment-large size-large\" alt=\"\" loading=\"lazy\" srcset=\"https:\/\/www.belgianboilercompany.com\/wp-content\/uploads\/2024\/03\/VH-Moulin-1024x782.jpg 1024w, https:\/\/www.belgianboilercompany.com\/wp-content\/uploads\/2024\/03\/VH-Moulin-300x229.jpg 300w, https:\/\/www.belgianboilercompany.com\/wp-content\/uploads\/2024\/03\/VH-Moulin.jpg 2000w\" sizes=\"auto, (max-width: 1024px) 100vw, 1024px\" \/><\/div><\/div>\t\t<\/div>\r\n\t\t\t<\/article>\r\n\t<article class=\"w-grid-item post-988 attachment type-attachment status-inherit hentry\" data-id=\"988\">\r\n\t\t<div class=\"w-grid-item-h\">\r\n\t\t\t\t\t\t<div class=\"w-image usg_image_1\"><div class=\"w-image-h\"><img decoding=\"async\" width=\"768\" height=\"1024\" src=\"https:\/\/www.belgianboilercompany.com\/wp-content\/uploads\/2024\/03\/Bosch-steamboiler-BBC-3-768x1024.jpg\" class=\"attachment-large size-large\" alt=\"\" loading=\"lazy\" srcset=\"https:\/\/www.belgianboilercompany.com\/wp-content\/uploads\/2024\/03\/Bosch-steamboiler-BBC-3-768x1024.jpg 768w, https:\/\/www.belgianboilercompany.com\/wp-content\/uploads\/2024\/03\/Bosch-steamboiler-BBC-3-225x300.jpg 225w, https:\/\/www.belgianboilercompany.com\/wp-content\/uploads\/2024\/03\/Bosch-steamboiler-BBC-3.jpg 1500w\" sizes=\"auto, (max-width: 768px) 100vw, 768px\" \/><\/div><\/div>\t\t<\/div>\r\n\t\t\t<\/article>\r\n\t<article class=\"w-grid-item post-987 attachment type-attachment status-inherit hentry\" data-id=\"987\">\r\n\t\t<div class=\"w-grid-item-h\">\r\n\t\t\t\t\t\t<div class=\"w-image usg_image_1\"><div class=\"w-image-h\"><img decoding=\"async\" width=\"890\" height=\"1024\" src=\"https:\/\/www.belgianboilercompany.com\/wp-content\/uploads\/2024\/03\/Bosch-steamboiler-BBC-1-890x1024.jpg\" class=\"attachment-large size-large\" alt=\"\" loading=\"lazy\" srcset=\"https:\/\/www.belgianboilercompany.com\/wp-content\/uploads\/2024\/03\/Bosch-steamboiler-BBC-1-890x1024.jpg 890w, https:\/\/www.belgianboilercompany.com\/wp-content\/uploads\/2024\/03\/Bosch-steamboiler-BBC-1-261x300.jpg 261w, https:\/\/www.belgianboilercompany.com\/wp-content\/uploads\/2024\/03\/Bosch-steamboiler-BBC-1.jpg 1738w\" sizes=\"auto, (max-width: 890px) 100vw, 890px\" \/><\/div><\/div>\t\t<\/div>\r\n\t\t\t<\/article>\r\n\t<article class=\"w-grid-item post-1033 attachment type-attachment status-inherit hentry\" data-id=\"1033\">\r\n\t\t<div class=\"w-grid-item-h\">\r\n\t\t\t\t\t\t<div class=\"w-image usg_image_1\"><div class=\"w-image-h\"><img decoding=\"async\" width=\"768\" height=\"1024\" src=\"https:\/\/www.belgianboilercompany.com\/wp-content\/uploads\/2024\/10\/Arcelor-Verhuur-snelle-interventie.jpeg\" class=\"attachment-large size-large\" alt=\"\" loading=\"lazy\" srcset=\"https:\/\/www.belgianboilercompany.com\/wp-content\/uploads\/2024\/10\/Arcelor-Verhuur-snelle-interventie.jpeg 768w, https:\/\/www.belgianboilercompany.com\/wp-content\/uploads\/2024\/10\/Arcelor-Verhuur-snelle-interventie-225x300.jpeg 225w\" sizes=\"auto, (max-width: 768px) 100vw, 768px\" \/><\/div><\/div>\t\t<\/div>\r\n\t\t\t<\/article>\r\n<\/div><div class=\"w-grid-carousel-json hidden\" onclick='return {&quot;carousel_settings&quot;:{&quot;aria_labels&quot;:{&quot;prev&quot;:&quot;Pr\\u00e9c\\u00e9dent&quot;,&quot;next&quot;:&quot;Suivant&quot;},&quot;autoplayContinual&quot;:false,&quot;autoplayHoverPause&quot;:false,&quot;autoplayTimeout&quot;:3000,&quot;autoWidth&quot;:false,&quot;smartSpeed&quot;:350,&quot;margin&quot;:0,&quot;mouseDrag&quot;:true,&quot;rtl&quot;:false,&quot;slideBy&quot;:&quot;1&quot;,&quot;touchDrag&quot;:true,&quot;slideTransition&quot;:&quot;&quot;,&quot;responsive&quot;:{&quot;0&quot;:{&quot;autoHeight&quot;:false,&quot;autoplay&quot;:false,&quot;autoWidth&quot;:false,&quot;center&quot;:false,&quot;dots&quot;:true,&quot;items&quot;:1,&quot;loop&quot;:true,&quot;nav&quot;:false,&quot;stagePadding&quot;:0,&quot;slideBy&quot;:&quot;1&quot;},&quot;768&quot;:{&quot;autoHeight&quot;:false,&quot;autoplay&quot;:false,&quot;autoWidth&quot;:false,&quot;center&quot;:false,&quot;dots&quot;:true,&quot;items&quot;:1,&quot;loop&quot;:true,&quot;nav&quot;:false,&quot;stagePadding&quot;:0,&quot;slideBy&quot;:&quot;1&quot;},&quot;1025&quot;:{&quot;autoHeight&quot;:false,&quot;autoplay&quot;:false,&quot;autoWidth&quot;:false,&quot;center&quot;:false,&quot;dots&quot;:true,&quot;items&quot;:1,&quot;loop&quot;:true,&quot;nav&quot;:false,&quot;stagePadding&quot;:0,&quot;slideBy&quot;:&quot;1&quot;},&quot;1401&quot;:{&quot;items&quot;:1,&quot;autoplay&quot;:true,&quot;center&quot;:false,&quot;dots&quot;:true,&quot;nav&quot;:false,&quot;autoHeight&quot;:false,&quot;autoWidth&quot;:false,&quot;loop&quot;:true,&quot;stagePadding&quot;:0}}}}'><\/div><\/div><\/div><\/div><\/div><\/div><\/div><\/section>\n","protected":false},"excerpt":{"rendered":"","protected":false},"author":1,"featured_media":0,"parent":0,"menu_order":8,"comment_status":"closed","ping_status":"closed","template":"","meta":{"_acf_changed":false,"footnotes":""},"class_list":["post-1355","page","type-page","status-publish","hentry"],"acf":[],"_links":{"self":[{"href":"https:\/\/www.belgianboilercompany.com\/fr\/wp-json\/wp\/v2\/pages\/1355","targetHints":{"allow":["GET"]}}],"collection":[{"href":"https:\/\/www.belgianboilercompany.com\/fr\/wp-json\/wp\/v2\/pages"}],"about":[{"href":"https:\/\/www.belgianboilercompany.com\/fr\/wp-json\/wp\/v2\/types\/page"}],"author":[{"embeddable":true,"href":"https:\/\/www.belgianboilercompany.com\/fr\/wp-json\/wp\/v2\/users\/1"}],"replies":[{"embeddable":true,"href":"https:\/\/www.belgianboilercompany.com\/fr\/wp-json\/wp\/v2\/comments?post=1355"}],"version-history":[{"count":10,"href":"https:\/\/www.belgianboilercompany.com\/fr\/wp-json\/wp\/v2\/pages\/1355\/revisions"}],"predecessor-version":[{"id":1530,"href":"https:\/\/www.belgianboilercompany.com\/fr\/wp-json\/wp\/v2\/pages\/1355\/revisions\/1530"}],"wp:attachment":[{"href":"https:\/\/www.belgianboilercompany.com\/fr\/wp-json\/wp\/v2\/media?parent=1355"}],"curies":[{"name":"wp","href":"https:\/\/api.w.org\/{rel}","templated":true}]}}