{"id":1361,"date":"2024-01-13T19:29:24","date_gmt":"2024-01-13T17:29:24","guid":{"rendered":"https:\/\/www.belgianboilercompany.com\/chaudiere-de-chauffage-industrielle-en-location\/"},"modified":"2025-09-26T14:29:13","modified_gmt":"2025-09-26T12:29:13","slug":"location-dune-chaudiere-de-chauffage-industriel","status":"publish","type":"page","link":"https:\/\/www.belgianboilercompany.com\/fr\/location-dune-chaudiere-de-chauffage-industriel\/","title":{"rendered":"Location d\u2019une chaudi\u00e8re de chauffage industriel"},"content":{"rendered":"<section class=\"l-section wpb_row detailpage height_auto\"><div class=\"l-section-h i-cf\"><div class=\"g-cols vc_row via_flex valign_bottom type_default stacking_default\"><div class=\"vc_col-sm-12 vc_col-lg-6 vc_col-md-6 vc_col-xs-12 wpb_column vc_column_container has_bg_color stretched\"><div class=\"vc_column-inner us_custom_6b8e13aa\"><div class=\"wpb_wrapper\"><div class=\"w-image us_custom_c5d3aabb has_height align_none\"><div class=\"w-image-h\"><img decoding=\"async\" width=\"496\" height=\"1024\" src=\"https:\/\/www.belgianboilercompany.com\/wp-content\/uploads\/2024\/01\/Left-image-small-496x1024.png\" class=\"attachment-large size-large\" alt=\"\" loading=\"lazy\" srcset=\"https:\/\/www.belgianboilercompany.com\/wp-content\/uploads\/2024\/01\/Left-image-small-496x1024.png 496w, https:\/\/www.belgianboilercompany.com\/wp-content\/uploads\/2024\/01\/Left-image-small-145x300.png 145w, https:\/\/www.belgianboilercompany.com\/wp-content\/uploads\/2024\/01\/Left-image-small.png 650w\" sizes=\"auto, (max-width: 496px) 100vw, 496px\" \/><\/div><\/div><\/div><\/div><\/div><div class=\"vc_col-sm-1 vc_hidden-md vc_hidden-sm vc_hidden-xs wpb_column vc_column_container\"><div class=\"vc_column-inner\"><div class=\"wpb_wrapper\"><\/div><\/div><\/div><div class=\"vc_col-sm-12 vc_col-lg-5 vc_col-md-6 vc_col-xs-12 wpb_column vc_column_container\"><div class=\"vc_column-inner\"><div class=\"wpb_wrapper\"><div class=\"wpb_text_column brdrtxt\"><div class=\"wpb_wrapper\"><h1>La location d\u2019une chaudi\u00e8re de chauffage industriel<\/h1>\n<\/div><\/div><div class=\"w-separator size_huge\"><\/div><div class=\"wpb_text_column redtxt\"><div class=\"wpb_wrapper\"><p>Vous \u00eates \u00e0 la recherche d&rsquo;une chaudi\u00e8re industrielle \u00e0 haut rendement, de conception compacte, capable d&rsquo;augmenter votre capacit\u00e9 thermique \u00e0 court terme ? Avec notre option de location, nous vous offrons les solutions les plus flexibles. Dans notre vaste parc de location, nous trouverons toujours le mod\u00e8le ad\u00e9quat pour r\u00e9pondre aux besoins \u00e0 court ou long terme de votre secteur. Nos unit\u00e9s sont disponibles de 150 kW \u00e0 13 500 kW.<\/p>\n<\/div><\/div><div class=\"w-separator size_huge\"><\/div><div class=\"w-btn-wrapper align_none\"><a class=\"w-btn us-btn-style_2 us_custom_f77c4fa6 brdrbtnblue longer\" href=\"https:\/\/www.belgianboilercompany.com\/fr\/contact\/\"><span class=\"w-btn-label\">CONTACTEZ-NOUS<\/span><\/a><\/div><\/div><\/div><\/div><\/div><\/div><\/section><section class=\"l-section wpb_row uspgrid height_large\"><div class=\"l-section-h i-cf\"><div class=\"g-cols vc_row via_flex valign_top type_default stacking_default\"><div class=\"vc_col-sm-12 wpb_column vc_column_container\"><div class=\"vc_column-inner\"><div class=\"wpb_wrapper\"><div class=\"wpb_text_column brdrtxt\"><div class=\"wpb_wrapper\"><h2>Avantages de la location d\u2019une chaudi\u00e8re de chauffage industrielle<\/h2>\n<\/div><\/div><div class=\"w-separator size_medium\"><\/div><div class=\"g-cols wpb_row via_flex valign_top type_default stacking_default\"><div class=\"vc_col-sm-12 wpb_column vc_column_container\"><div class=\"vc_column-inner\"><div class=\"wpb_wrapper\"><div class=\"w-grid us_grid type_grid layout_221 cols_2 preload_style_spinner\" id=\"us_grid_1\" style=\"--columns:2;--gap:1rem;\"><style>@media (max-width:767px){#us_grid_1{--columns:1!important}}.layout_221 .w-grid-item-h{}.layout_221 .usg_vwrapper_1{background:#f0f0f0!important}.layout_221 .usg_vwrapper_2{background:#f0f0f0!important}<\/style><div class=\"w-grid-list\">\t<article class=\"w-grid-item size_1x1 post-1303 usp type-usp status-publish hentry\" data-id=\"1303\">\r\n\t\t<div class=\"w-grid-item-h\">\r\n\t\t\t\t\t\t<div class=\"w-vwrapper usg_vwrapper_1 align_none valign_top\"><h3 class=\"w-post-elm post_title usg_post_title_1 entry-title\">Besoins impr\u00e9vus ou \u00e0 court terme<\/h3><\/div><div class=\"w-vwrapper usg_vwrapper_2 align_none valign_top\"><div class=\"w-post-elm post_custom_field usg_post_custom_field_1 type_text extra_info color_link_inherit\"><span class=\"w-post-elm-value\">Lorsqu'une entreprise a un besoin impr\u00e9vus d'une chaudi\u00e8re industrielle, par exemple lorsque l'installation existante tombe en panne, la location d'une chaudi\u00e8re industrielle mobile peut \u00eatre rapide et facile par rapport \u00e0 l'achat d'une nouvelle chaudi\u00e8re, dont la fabrication et l'installation prennent du temps. La location d'une chaudi\u00e8re de chauffage peut \u00e9galement s'av\u00e9rer utile si la capacit\u00e9 de chauffage suppl\u00e9mentaire n'est n\u00e9cessaire que pour une courte terme. <\/span><\/div><\/div>\t\t<\/div>\r\n\t\t\t<\/article>\r\n\t<article class=\"w-grid-item size_1x1 post-1306 usp type-usp status-publish hentry\" data-id=\"1306\">\r\n\t\t<div class=\"w-grid-item-h\">\r\n\t\t\t\t\t\t<div class=\"w-vwrapper usg_vwrapper_1 align_none valign_top\"><h3 class=\"w-post-elm post_title usg_post_title_1 entry-title\">Utilisation temporaire<\/h3><\/div><div class=\"w-vwrapper usg_vwrapper_2 align_none valign_top\"><div class=\"w-post-elm post_custom_field usg_post_custom_field_1 type_text extra_info color_link_inherit\"><span class=\"w-post-elm-value\">Si une entreprise n'a besoin que temporairement d'une chaudi\u00e8re industrielle, par exemple pour un projet sp\u00e9cifique ou pendant une p\u00e9riode de pointe, la location d'une chaudi\u00e8re mobile peut \u00eatre une solution rentable par rapport \u00e0 l'achat d'une nouvelle installation.<\/span><\/div><\/div>\t\t<\/div>\r\n\t\t\t<\/article>\r\n\t<article class=\"w-grid-item size_1x1 post-1301 usp type-usp status-publish hentry\" data-id=\"1301\">\r\n\t\t<div class=\"w-grid-item-h\">\r\n\t\t\t\t\t\t<div class=\"w-vwrapper usg_vwrapper_1 align_none valign_top\"><h3 class=\"w-post-elm post_title usg_post_title_1 entry-title\">R\u00e9duction des co\u00fbts<\/h3><\/div><div class=\"w-vwrapper usg_vwrapper_2 align_none valign_top\"><div class=\"w-post-elm post_custom_field usg_post_custom_field_1 type_text extra_info color_link_inherit\"><span class=\"w-post-elm-value\">La location d'une chaudi\u00e8re industrielle peut, dans certains cas, s'av\u00e9rer moins ch\u00e8re que l'achat d'une nouvelle chaudi\u00e8re, car l'entreprise ne doit pas faire d'investissement initial et le co\u00fbt peut \u00eatre r\u00e9parti sur une p\u00e9riode de location.<\/span><\/div><\/div>\t\t<\/div>\r\n\t\t\t<\/article>\r\n\t<article class=\"w-grid-item size_1x1 post-1300 usp type-usp status-publish hentry\" data-id=\"1300\">\r\n\t\t<div class=\"w-grid-item-h\">\r\n\t\t\t\t\t\t<div class=\"w-vwrapper usg_vwrapper_1 align_none valign_top\"><h3 class=\"w-post-elm post_title usg_post_title_1 entry-title\">Chaudi\u00e8re de location pendant les travaux d&rsquo;entretien d&rsquo;une installation existante<\/h3><\/div><div class=\"w-vwrapper usg_vwrapper_2 align_none valign_top\"><div class=\"w-post-elm post_custom_field usg_post_custom_field_1 type_text extra_info color_link_inherit\"><span class=\"w-post-elm-value\">Lorsqu'une entreprise a besoin d'effectuer des travaux d'entretien sur son installation existante tout en maintenant absolument sa production, la location d'une chaudi\u00e8re mobile peut \u00eatre une bonne option.<\/span><\/div><\/div>\t\t<\/div>\r\n\t\t\t<\/article>\r\n<\/div>\t<div class=\"w-grid-preloader\">\r\n\t\t<div class=\"g-preloader type_1\">\r\n\t\t\t<div><\/div>\r\n\t\t<\/div>\r\n\t<\/div>\r\n\t\t<div class=\"w-grid-json hidden\" onclick='return {&quot;action&quot;:&quot;us_ajax_grid&quot;,&quot;infinite_scroll&quot;:0,&quot;max_num_pages&quot;:1,&quot;pagination&quot;:&quot;none&quot;,&quot;template_vars&quot;:{&quot;columns&quot;:&quot;2&quot;,&quot;exclude_items&quot;:&quot;none&quot;,&quot;img_size&quot;:&quot;default&quot;,&quot;ignore_items_size&quot;:0,&quot;items_layout&quot;:&quot;221&quot;,&quot;items_offset&quot;:&quot;1&quot;,&quot;load_animation&quot;:&quot;none&quot;,&quot;overriding_link&quot;:&quot;%7B%22url%22%3A%22%22%7D&quot;,&quot;post_id&quot;:0,&quot;query_args&quot;:{&quot;ignore_sticky_posts&quot;:1,&quot;post_type&quot;:&quot;any&quot;,&quot;post__in&quot;:[&quot;555&quot;,&quot;554&quot;,&quot;556&quot;,&quot;557&quot;],&quot;posts_per_page&quot;:999},&quot;orderby_query_args&quot;:{&quot;orderby&quot;:{&quot;post__in&quot;:&quot;ASC&quot;},&quot;order&quot;:&quot;ASC&quot;},&quot;type&quot;:&quot;grid&quot;,&quot;us_grid_post_type&quot;:&quot;ids&quot;,&quot;us_grid_ajax_index&quot;:1,&quot;us_grid_filter_query_string&quot;:null,&quot;us_grid_index&quot;:1,&quot;page_args&quot;:[],&quot;lang&quot;:&quot;fr&quot;}}'><\/div>\r\n\t<\/div><\/div><\/div><\/div><\/div><\/div><\/div><\/div><\/div><\/div><\/section><section class=\"l-section wpb_row us_custom_9ccc05f2 padleftzero imgcarroussel height_auto\"><div class=\"l-section-h i-cf\"><div class=\"g-cols vc_row via_flex valign_middle type_default stacking_default\"><div class=\"vc_col-sm-6 vc_col-xs-12 wpb_column vc_column_container\"><div class=\"vc_column-inner\"><div class=\"wpb_wrapper\"><div class=\"w-separator size_huge\"><\/div><div class=\"wpb_text_column us_custom_6df4bc3a brdrtxtwhite has_text_color\"><div class=\"wpb_wrapper\"><h2>Intervention rapide<\/h2>\n<\/div><\/div><div class=\"w-separator size_medium\"><\/div><div class=\"wpb_text_column us_custom_6df4bc3a has_text_color\"><div class=\"wpb_wrapper\"><p>Vous pouvez compter sur une installation ais\u00e9e, des performances fiables et une excellente assistance de la part de notre \u00e9quipe d&rsquo;experts. Nous sommes sur place dans les 48 heures en cas de probl\u00e8me avec l&rsquo;installation existante du client. Obtenez plus d&rsquo;informations sur nos options de location d\u00e8s aujourd&rsquo;hui et d\u00e9couvrez ce que nous pouvons faire pour vous.<\/p>\n<\/div><\/div><div class=\"w-separator size_huge\"><\/div><\/div><\/div><\/div><div class=\"vc_col-sm-6 vc_col-xs-12 wpb_column vc_column_container stretched\"><div class=\"vc_column-inner\"><div class=\"wpb_wrapper\"><div class=\"w-grid us_carousel mheight type_carousel layout_235 preload_style_spinner\" id=\"us_grid_2\"><style>.layout_235 .w-grid-item-h{}<\/style><div class=\"w-grid-list owl-carousel valign_stretch dotstyle_circle navstyle_circle arrows-ver-pos_middle arrows-hor-pos_on_sides_outside arrows-disabled_hide owl-responsive-2000 with_dots\" style=\"--transition-duration:350ms;\">\t<article class=\"w-grid-item post-990 attachment type-attachment status-inherit hentry\" data-id=\"990\">\r\n\t\t<div class=\"w-grid-item-h\">\r\n\t\t\t\t\t\t<div class=\"w-image usg_image_1\"><div class=\"w-image-h\"><img decoding=\"async\" width=\"768\" height=\"1024\" src=\"https:\/\/www.belgianboilercompany.com\/wp-content\/uploads\/2024\/03\/IMG_20200826_194157624-768x1024.jpg\" class=\"attachment-large size-large\" alt=\"\" loading=\"lazy\" srcset=\"https:\/\/www.belgianboilercompany.com\/wp-content\/uploads\/2024\/03\/IMG_20200826_194157624-768x1024.jpg 768w, https:\/\/www.belgianboilercompany.com\/wp-content\/uploads\/2024\/03\/IMG_20200826_194157624-225x300.jpg 225w, https:\/\/www.belgianboilercompany.com\/wp-content\/uploads\/2024\/03\/IMG_20200826_194157624.jpg 1500w\" sizes=\"auto, (max-width: 768px) 100vw, 768px\" \/><\/div><\/div>\t\t<\/div>\r\n\t\t\t<\/article>\r\n\t<article class=\"w-grid-item post-991 attachment type-attachment status-inherit hentry\" data-id=\"991\">\r\n\t\t<div class=\"w-grid-item-h\">\r\n\t\t\t\t\t\t<div class=\"w-image usg_image_1\"><div class=\"w-image-h\"><img decoding=\"async\" width=\"1024\" height=\"610\" src=\"https:\/\/www.belgianboilercompany.com\/wp-content\/uploads\/2024\/03\/Plaatsing_Huurketels-1024x610.jpg\" class=\"attachment-large size-large\" alt=\"\" loading=\"lazy\" srcset=\"https:\/\/www.belgianboilercompany.com\/wp-content\/uploads\/2024\/03\/Plaatsing_Huurketels-1024x610.jpg 1024w, https:\/\/www.belgianboilercompany.com\/wp-content\/uploads\/2024\/03\/Plaatsing_Huurketels-300x179.jpg 300w, https:\/\/www.belgianboilercompany.com\/wp-content\/uploads\/2024\/03\/Plaatsing_Huurketels.jpg 2000w\" sizes=\"auto, (max-width: 1024px) 100vw, 1024px\" \/><\/div><\/div>\t\t<\/div>\r\n\t\t\t<\/article>\r\n\t<article class=\"w-grid-item post-989 attachment type-attachment status-inherit hentry\" data-id=\"989\">\r\n\t\t<div class=\"w-grid-item-h\">\r\n\t\t\t\t\t\t<div class=\"w-image usg_image_1\"><div class=\"w-image-h\"><img decoding=\"async\" width=\"944\" height=\"1024\" src=\"https:\/\/www.belgianboilercompany.com\/wp-content\/uploads\/2024\/03\/IMG_7701-e1729671227417-944x1024.jpg\" class=\"attachment-large size-large\" alt=\"\" loading=\"lazy\" srcset=\"https:\/\/www.belgianboilercompany.com\/wp-content\/uploads\/2024\/03\/IMG_7701-e1729671227417-944x1024.jpg 944w, https:\/\/www.belgianboilercompany.com\/wp-content\/uploads\/2024\/03\/IMG_7701-e1729671227417-276x300.jpg 276w, https:\/\/www.belgianboilercompany.com\/wp-content\/uploads\/2024\/03\/IMG_7701-e1729671227417.jpg 1596w\" sizes=\"auto, (max-width: 944px) 100vw, 944px\" \/><\/div><\/div>\t\t<\/div>\r\n\t\t\t<\/article>\r\n\t<article class=\"w-grid-item post-992 attachment type-attachment status-inherit hentry\" data-id=\"992\">\r\n\t\t<div class=\"w-grid-item-h\">\r\n\t\t\t\t\t\t<div class=\"w-image usg_image_1\"><div class=\"w-image-h\"><img decoding=\"async\" width=\"1024\" height=\"782\" src=\"https:\/\/www.belgianboilercompany.com\/wp-content\/uploads\/2024\/03\/VH-Moulin-1024x782.jpg\" class=\"attachment-large size-large\" alt=\"\" loading=\"lazy\" srcset=\"https:\/\/www.belgianboilercompany.com\/wp-content\/uploads\/2024\/03\/VH-Moulin-1024x782.jpg 1024w, https:\/\/www.belgianboilercompany.com\/wp-content\/uploads\/2024\/03\/VH-Moulin-300x229.jpg 300w, https:\/\/www.belgianboilercompany.com\/wp-content\/uploads\/2024\/03\/VH-Moulin.jpg 2000w\" sizes=\"auto, (max-width: 1024px) 100vw, 1024px\" \/><\/div><\/div>\t\t<\/div>\r\n\t\t\t<\/article>\r\n\t<article class=\"w-grid-item post-988 attachment type-attachment status-inherit hentry\" data-id=\"988\">\r\n\t\t<div class=\"w-grid-item-h\">\r\n\t\t\t\t\t\t<div class=\"w-image usg_image_1\"><div class=\"w-image-h\"><img decoding=\"async\" width=\"768\" height=\"1024\" src=\"https:\/\/www.belgianboilercompany.com\/wp-content\/uploads\/2024\/03\/Bosch-steamboiler-BBC-3-768x1024.jpg\" class=\"attachment-large size-large\" alt=\"\" loading=\"lazy\" srcset=\"https:\/\/www.belgianboilercompany.com\/wp-content\/uploads\/2024\/03\/Bosch-steamboiler-BBC-3-768x1024.jpg 768w, https:\/\/www.belgianboilercompany.com\/wp-content\/uploads\/2024\/03\/Bosch-steamboiler-BBC-3-225x300.jpg 225w, https:\/\/www.belgianboilercompany.com\/wp-content\/uploads\/2024\/03\/Bosch-steamboiler-BBC-3.jpg 1500w\" sizes=\"auto, (max-width: 768px) 100vw, 768px\" \/><\/div><\/div>\t\t<\/div>\r\n\t\t\t<\/article>\r\n\t<article class=\"w-grid-item post-987 attachment type-attachment status-inherit hentry\" data-id=\"987\">\r\n\t\t<div class=\"w-grid-item-h\">\r\n\t\t\t\t\t\t<div class=\"w-image usg_image_1\"><div class=\"w-image-h\"><img decoding=\"async\" width=\"890\" height=\"1024\" src=\"https:\/\/www.belgianboilercompany.com\/wp-content\/uploads\/2024\/03\/Bosch-steamboiler-BBC-1-890x1024.jpg\" class=\"attachment-large size-large\" alt=\"\" loading=\"lazy\" srcset=\"https:\/\/www.belgianboilercompany.com\/wp-content\/uploads\/2024\/03\/Bosch-steamboiler-BBC-1-890x1024.jpg 890w, https:\/\/www.belgianboilercompany.com\/wp-content\/uploads\/2024\/03\/Bosch-steamboiler-BBC-1-261x300.jpg 261w, https:\/\/www.belgianboilercompany.com\/wp-content\/uploads\/2024\/03\/Bosch-steamboiler-BBC-1.jpg 1738w\" sizes=\"auto, (max-width: 890px) 100vw, 890px\" \/><\/div><\/div>\t\t<\/div>\r\n\t\t\t<\/article>\r\n<\/div><div class=\"w-grid-carousel-json hidden\" onclick='return {&quot;carousel_settings&quot;:{&quot;aria_labels&quot;:{&quot;prev&quot;:&quot;Pr\\u00e9c\\u00e9dent&quot;,&quot;next&quot;:&quot;Suivant&quot;},&quot;autoplayContinual&quot;:false,&quot;autoplayHoverPause&quot;:false,&quot;autoplayTimeout&quot;:3000,&quot;autoWidth&quot;:false,&quot;smartSpeed&quot;:350,&quot;margin&quot;:0,&quot;mouseDrag&quot;:true,&quot;rtl&quot;:false,&quot;slideBy&quot;:&quot;1&quot;,&quot;touchDrag&quot;:true,&quot;slideTransition&quot;:&quot;&quot;,&quot;responsive&quot;:{&quot;0&quot;:{&quot;autoHeight&quot;:false,&quot;autoplay&quot;:false,&quot;autoWidth&quot;:false,&quot;center&quot;:false,&quot;dots&quot;:true,&quot;items&quot;:1,&quot;loop&quot;:true,&quot;nav&quot;:false,&quot;stagePadding&quot;:0,&quot;slideBy&quot;:&quot;1&quot;},&quot;768&quot;:{&quot;autoHeight&quot;:false,&quot;autoplay&quot;:false,&quot;autoWidth&quot;:false,&quot;center&quot;:false,&quot;dots&quot;:true,&quot;items&quot;:1,&quot;loop&quot;:true,&quot;nav&quot;:false,&quot;stagePadding&quot;:0,&quot;slideBy&quot;:&quot;1&quot;},&quot;1025&quot;:{&quot;autoHeight&quot;:false,&quot;autoplay&quot;:false,&quot;autoWidth&quot;:false,&quot;center&quot;:false,&quot;dots&quot;:true,&quot;items&quot;:1,&quot;loop&quot;:true,&quot;nav&quot;:false,&quot;stagePadding&quot;:0,&quot;slideBy&quot;:&quot;1&quot;},&quot;1401&quot;:{&quot;items&quot;:1,&quot;autoplay&quot;:true,&quot;center&quot;:false,&quot;dots&quot;:true,&quot;nav&quot;:false,&quot;autoHeight&quot;:false,&quot;autoWidth&quot;:false,&quot;loop&quot;:true,&quot;stagePadding&quot;:0}}}}'><\/div><\/div><\/div><\/div><\/div><\/div><\/div><\/section>\n","protected":false},"excerpt":{"rendered":"","protected":false},"author":1,"featured_media":0,"parent":0,"menu_order":7,"comment_status":"closed","ping_status":"closed","template":"","meta":{"_acf_changed":false,"footnotes":""},"class_list":["post-1361","page","type-page","status-publish","hentry"],"acf":[],"_links":{"self":[{"href":"https:\/\/www.belgianboilercompany.com\/fr\/wp-json\/wp\/v2\/pages\/1361","targetHints":{"allow":["GET"]}}],"collection":[{"href":"https:\/\/www.belgianboilercompany.com\/fr\/wp-json\/wp\/v2\/pages"}],"about":[{"href":"https:\/\/www.belgianboilercompany.com\/fr\/wp-json\/wp\/v2\/types\/page"}],"author":[{"embeddable":true,"href":"https:\/\/www.belgianboilercompany.com\/fr\/wp-json\/wp\/v2\/users\/1"}],"replies":[{"embeddable":true,"href":"https:\/\/www.belgianboilercompany.com\/fr\/wp-json\/wp\/v2\/comments?post=1361"}],"version-history":[{"count":12,"href":"https:\/\/www.belgianboilercompany.com\/fr\/wp-json\/wp\/v2\/pages\/1361\/revisions"}],"predecessor-version":[{"id":1529,"href":"https:\/\/www.belgianboilercompany.com\/fr\/wp-json\/wp\/v2\/pages\/1361\/revisions\/1529"}],"wp:attachment":[{"href":"https:\/\/www.belgianboilercompany.com\/fr\/wp-json\/wp\/v2\/media?parent=1361"}],"curies":[{"name":"wp","href":"https:\/\/api.w.org\/{rel}","templated":true}]}}