{"id":1382,"date":"2024-01-13T19:29:24","date_gmt":"2024-01-13T17:29:24","guid":{"rendered":"https:\/\/www.belgianboilercompany.com\/chaudiere-a-vapeur-location\/"},"modified":"2025-09-26T12:06:51","modified_gmt":"2025-09-26T10:06:51","slug":"location-dune-chaudiere-vapeur","status":"publish","type":"page","link":"https:\/\/www.belgianboilercompany.com\/fr\/location-dune-chaudiere-vapeur\/","title":{"rendered":"Location d\u2019une chaudi\u00e8re vapeur"},"content":{"rendered":"<section class=\"l-section wpb_row detailpage height_auto\"><div class=\"l-section-h i-cf\"><div class=\"g-cols vc_row via_flex valign_bottom type_default stacking_default\"><div class=\"vc_col-sm-12 vc_col-lg-6 vc_col-md-6 vc_col-xs-12 wpb_column vc_column_container has_bg_color stretched\"><div class=\"vc_column-inner us_custom_6e5a57ef\"><div class=\"wpb_wrapper\"><div class=\"w-image us_custom_c5d3aabb has_height align_none\"><div class=\"w-image-h\"><img decoding=\"async\" width=\"496\" height=\"1024\" src=\"https:\/\/www.belgianboilercompany.com\/wp-content\/uploads\/2024\/01\/Left-image-small-496x1024.png\" class=\"attachment-large size-large\" alt=\"\" loading=\"lazy\" srcset=\"https:\/\/www.belgianboilercompany.com\/wp-content\/uploads\/2024\/01\/Left-image-small-496x1024.png 496w, https:\/\/www.belgianboilercompany.com\/wp-content\/uploads\/2024\/01\/Left-image-small-145x300.png 145w, https:\/\/www.belgianboilercompany.com\/wp-content\/uploads\/2024\/01\/Left-image-small.png 650w\" sizes=\"auto, (max-width: 496px) 100vw, 496px\" \/><\/div><\/div><\/div><\/div><\/div><div class=\"vc_col-sm-1 vc_hidden-md vc_hidden-sm vc_hidden-xs wpb_column vc_column_container\"><div class=\"vc_column-inner\"><div class=\"wpb_wrapper\"><\/div><\/div><\/div><div class=\"vc_col-sm-12 vc_col-lg-5 vc_col-md-6 vc_col-xs-12 wpb_column vc_column_container\"><div class=\"vc_column-inner\"><div class=\"wpb_wrapper\"><div class=\"wpb_text_column brdrtxt\"><div class=\"wpb_wrapper\"><h1>La location d\u2019une chaudi\u00e8re vapeur<\/h1>\n<\/div><\/div><div class=\"w-separator size_huge\"><\/div><div class=\"wpb_text_column redtxt\"><div class=\"wpb_wrapper\"><p>Nos chaudi\u00e8res vapeur mobiles de location sont une solution largement utilis\u00e9e dans diverses industries. Qu&rsquo;il s&rsquo;agisse d&rsquo;une augmentation temporaire de la capacit\u00e9 ou d&rsquo;un travail de maintenance planifi\u00e9, nos chaudi\u00e8res vapeur mobiles peuvent \u00eatre install\u00e9es rapidement, m\u00eame en cas de pannes inattendues de votre production de vapeur.<\/p>\n<\/div><\/div><div class=\"w-separator size_huge\"><\/div><div class=\"w-btn-wrapper align_none\"><a class=\"w-btn us-btn-style_2 us_custom_f77c4fa6 brdrbtnblue longer\" href=\"https:\/\/www.belgianboilercompany.com\/fr\/contact\/\"><span class=\"w-btn-label\">CONTACTEZ-NOUS<\/span><\/a><\/div><\/div><\/div><\/div><\/div><\/div><\/section><section class=\"l-section wpb_row uspgrid height_large\"><div class=\"l-section-h i-cf\"><div class=\"g-cols vc_row via_flex valign_top type_default stacking_default\"><div class=\"vc_col-sm-12 wpb_column vc_column_container\"><div class=\"vc_column-inner\"><div class=\"wpb_wrapper\"><div class=\"wpb_text_column brdrtxt\"><div class=\"wpb_wrapper\"><h2>Avantages de la location de chaudi\u00e8res vapeur<\/h2>\n<\/div><\/div><div class=\"w-separator size_medium\"><\/div><div class=\"g-cols wpb_row via_flex valign_top type_default stacking_default\"><div class=\"vc_col-sm-12 wpb_column vc_column_container\"><div class=\"vc_column-inner\"><div class=\"wpb_wrapper\"><div class=\"w-grid us_grid type_grid layout_221 cols_3 preload_style_spinner\" id=\"us_grid_1\" style=\"--columns:3;--gap:1rem;\"><style>@media (max-width:1024px){#us_grid_1{--columns:2!important}}@media (max-width:767px){#us_grid_1{--columns:1!important}}.layout_221 .w-grid-item-h{}.layout_221 .usg_vwrapper_1{background:#f0f0f0!important}.layout_221 .usg_vwrapper_2{background:#f0f0f0!important}<\/style><div class=\"w-grid-list\">\t<article class=\"w-grid-item size_1x1 post-1313 usp type-usp status-publish hentry\" data-id=\"1313\">\r\n\t\t<div class=\"w-grid-item-h\">\r\n\t\t\t\t\t\t<div class=\"w-vwrapper usg_vwrapper_1 align_none valign_top\"><h3 class=\"w-post-elm post_title usg_post_title_1 entry-title\">Utilisation temporaire<\/h3><\/div><div class=\"w-vwrapper usg_vwrapper_2 align_none valign_top\"><div class=\"w-post-elm post_custom_field usg_post_custom_field_1 type_text extra_info color_link_inherit\"><span class=\"w-post-elm-value\">Si une entreprise n'a besoin que temporairement d'une chaudi\u00e8re vapeur, par exemple pour un projet sp\u00e9cifique ou pendant une p\u00e9riode de pointe, la location d'une chaudi\u00e8re vapeur peut \u00eatre une solution rentable par rapport \u00e0 l'achat d'une nouvelle chaudi\u00e8re vapeur.<\/span><\/div><\/div>\t\t<\/div>\r\n\t\t\t<\/article>\r\n\t<article class=\"w-grid-item size_1x1 post-1311 usp type-usp status-publish hentry\" data-id=\"1311\">\r\n\t\t<div class=\"w-grid-item-h\">\r\n\t\t\t\t\t\t<div class=\"w-vwrapper usg_vwrapper_1 align_none valign_top\"><h3 class=\"w-post-elm post_title usg_post_title_1 entry-title\">Besoins impr\u00e9vus ou \u00e0 court terme<\/h3><\/div><div class=\"w-vwrapper usg_vwrapper_2 align_none valign_top\"><div class=\"w-post-elm post_custom_field usg_post_custom_field_1 type_text extra_info color_link_inherit\"><span class=\"w-post-elm-value\">Si une entreprise a un besoin impr\u00e9vus d'une chaudi\u00e8re vapeur, par exemple lorsqu'une chaudi\u00e8re vapeur existante tombe en panne, la location d'une chaudi\u00e8re vapeur mobile peut \u00eatre rapide et facile par rapport \u00e0 l'achat d'une nouvelle chaudi\u00e8re vapeur, dont la fabrication et l'installation prennent du temps. De m\u00eame, la location d'une chaudi\u00e8re vapeur peut s'av\u00e9rer utile si la capacit\u00e9 de vapeur suppl\u00e9mentaire n'est n\u00e9cessaire qu'\u00e0 court terme. <\/span><\/div><\/div>\t\t<\/div>\r\n\t\t\t<\/article>\r\n\t<article class=\"w-grid-item size_1x1 post-1309 usp type-usp status-publish hentry\" data-id=\"1309\">\r\n\t\t<div class=\"w-grid-item-h\">\r\n\t\t\t\t\t\t<div class=\"w-vwrapper usg_vwrapper_1 align_none valign_top\"><h3 class=\"w-post-elm post_title usg_post_title_1 entry-title\">R\u00e9duction des co\u00fbts<\/h3><\/div><div class=\"w-vwrapper usg_vwrapper_2 align_none valign_top\"><div class=\"w-post-elm post_custom_field usg_post_custom_field_1 type_text extra_info color_link_inherit\"><span class=\"w-post-elm-value\">La location d'une chaudi\u00e8re vapeur peut, dans certains cas, s'av\u00e9rer moins que l'achat d'une nouvelle chaudi\u00e8re vapeur car, en tant qu'entreprise, vous ne devez pas faire d'investissement initial et le co\u00fbt peut \u00eatre r\u00e9parti sur une p\u00e9riode de location.<\/span><\/div><\/div>\t\t<\/div>\r\n\t\t\t<\/article>\r\n<\/div>\t<div class=\"w-grid-preloader\">\r\n\t\t<div class=\"g-preloader type_1\">\r\n\t\t\t<div><\/div>\r\n\t\t<\/div>\r\n\t<\/div>\r\n\t\t<div class=\"w-grid-json hidden\" onclick='return {&quot;action&quot;:&quot;us_ajax_grid&quot;,&quot;infinite_scroll&quot;:0,&quot;max_num_pages&quot;:1,&quot;pagination&quot;:&quot;none&quot;,&quot;template_vars&quot;:{&quot;columns&quot;:&quot;3&quot;,&quot;exclude_items&quot;:&quot;none&quot;,&quot;img_size&quot;:&quot;default&quot;,&quot;ignore_items_size&quot;:0,&quot;items_layout&quot;:&quot;221&quot;,&quot;items_offset&quot;:&quot;1&quot;,&quot;load_animation&quot;:&quot;none&quot;,&quot;overriding_link&quot;:&quot;%7B%22url%22%3A%22%22%7D&quot;,&quot;post_id&quot;:0,&quot;query_args&quot;:{&quot;ignore_sticky_posts&quot;:1,&quot;post_type&quot;:&quot;any&quot;,&quot;post__in&quot;:[&quot;529&quot;,&quot;530&quot;,&quot;531&quot;],&quot;posts_per_page&quot;:999},&quot;orderby_query_args&quot;:{&quot;orderby&quot;:{&quot;post__in&quot;:&quot;ASC&quot;},&quot;order&quot;:&quot;ASC&quot;},&quot;type&quot;:&quot;grid&quot;,&quot;us_grid_post_type&quot;:&quot;ids&quot;,&quot;us_grid_ajax_index&quot;:1,&quot;us_grid_filter_query_string&quot;:null,&quot;us_grid_index&quot;:1,&quot;page_args&quot;:[],&quot;lang&quot;:&quot;fr&quot;}}'><\/div>\r\n\t<\/div><\/div><\/div><\/div><\/div><\/div><\/div><\/div><\/div><\/div><\/section><section class=\"l-section wpb_row us_custom_9ccc05f2 padleftzero imgcarroussel height_auto\"><div class=\"l-section-h i-cf\"><div class=\"g-cols vc_row via_flex valign_middle type_default stacking_default\"><div class=\"vc_col-sm-6 vc_col-xs-12 wpb_column vc_column_container\"><div class=\"vc_column-inner\"><div class=\"wpb_wrapper\"><div class=\"w-separator size_huge\"><\/div><div class=\"wpb_text_column us_custom_6df4bc3a brdrtxtwhite has_text_color\"><div class=\"wpb_wrapper\"><h2>Chaudi\u00e8re de location pendant les travaux d&rsquo;entretien d&rsquo;une centrale \u00e0 vapeur existante<\/h2>\n<\/div><\/div><div class=\"w-separator size_medium\"><\/div><div class=\"wpb_text_column us_custom_6df4bc3a has_text_color\"><div class=\"wpb_wrapper\"><p>Lorsqu&rsquo;une entreprise a besoin d&rsquo;effectuer des travaux d&rsquo;entretien sur sa centrale vapeur existante tout en maintenant sa production, la location d&rsquo;une chaudi\u00e8re vapeur peut \u00eatre une bonne option.<\/p>\n<\/div><\/div><div class=\"w-separator size_medium\"><\/div><div class=\"w-btn-wrapper align_right\"><a class=\"w-btn us-btn-style_2 stickmeright brdrbtnwhite longer\" href=\"https:\/\/www.belgianboilercompany.com\/fr\/contact\/\"><span class=\"w-btn-label\">CONTACTEZ-NOUS<\/span><\/a><\/div><div class=\"w-separator size_huge\"><\/div><\/div><\/div><\/div><div class=\"vc_col-sm-6 vc_col-xs-12 wpb_column vc_column_container has_bg_color stretched\"><div class=\"vc_column-inner us_custom_db6e24a4\"><div class=\"wpb_wrapper\"><\/div><\/div><\/div><\/div><\/div><\/section><section class=\"l-section wpb_row height_large\"><div class=\"l-section-h i-cf\"><div class=\"g-cols vc_row via_flex valign_top type_default stacking_default\" style=\"--additional-gap:10px;\"><div class=\"vc_col-sm-6 wpb_column vc_column_container\"><div class=\"vc_column-inner\"><div class=\"wpb_wrapper\"><div class=\"wpb_text_column brdrtxt\"><div class=\"wpb_wrapper\"><h2>Fourniture de chaudi\u00e8res de location<\/h2>\n<\/div><\/div><div class=\"w-separator size_medium\"><\/div><div class=\"wpb_text_column\"><div class=\"wpb_wrapper\"><p>Nous proposons une large gamme de chaudi\u00e8res vapeur mobile d&rsquo;une capacit\u00e9 comprise entre 500 kg\/h et 16 t\/h. Les unit\u00e9s sont \u00e9quip\u00e9es de br\u00fbleurs \u00e0 gaz et \u00e0 mazout de chauffage. Ces chaudi\u00e8res vapeur peuvent \u00eatre combin\u00e9es pour obtenir des rendements encore plus importants ou plus sp\u00e9cifiques.<\/p>\n<\/div><\/div><\/div><\/div><\/div><div class=\"vc_col-sm-6 wpb_column vc_column_container\"><div class=\"vc_column-inner\"><div class=\"wpb_wrapper\"><div class=\"wpb_text_column brdrtxt\"><div class=\"wpb_wrapper\"><h2>Accessoires<\/h2>\n<\/div><\/div><div class=\"w-separator size_medium\"><\/div><div class=\"wpb_text_column\"><div class=\"wpb_wrapper\"><p>Nous pouvons \u00e9galement fournir des accessoires tels que des d\u00e9gazeurs thermiques, des b\u00e2ches d&rsquo;alimentation en eau, des adoucisseurs d&rsquo;eau, des flexibles, des r\u00e9servoirs de stockage pour mazout de chauffage, etc. en fonction de vos besoins sp\u00e9cifiques. Toutes nos chaudi\u00e8res vapeur mobile en location sont certifi\u00e9es CE et conformes \u00e0 la l\u00e9gislation europ\u00e9enne. Elles sont r\u00e9guli\u00e8rement inspect\u00e9es et les documents pertinents sont toujours fournis.<\/p>\n<\/div><\/div><\/div><\/div><\/div><\/div><\/div><\/section><section class=\"l-section wpb_row height_auto width_full\"><div class=\"l-section-h i-cf\"><div class=\"g-cols vc_row via_flex valign_top type_default stacking_default\"><div class=\"vc_col-sm-6 wpb_column vc_column_container has_bg_color\"><div class=\"vc_column-inner us_custom_02a8f014\"><div class=\"wpb_wrapper\"><\/div><\/div><\/div><div class=\"vc_col-sm-6 wpb_column vc_column_container has_bg_color\"><div class=\"vc_column-inner us_custom_527b8287\"><div class=\"wpb_wrapper\"><\/div><\/div><\/div><\/div><\/div><\/section>\n","protected":false},"excerpt":{"rendered":"","protected":false},"author":1,"featured_media":0,"parent":0,"menu_order":2,"comment_status":"closed","ping_status":"closed","template":"","meta":{"_acf_changed":false,"footnotes":""},"class_list":["post-1382","page","type-page","status-publish","hentry"],"acf":[],"_links":{"self":[{"href":"https:\/\/www.belgianboilercompany.com\/fr\/wp-json\/wp\/v2\/pages\/1382","targetHints":{"allow":["GET"]}}],"collection":[{"href":"https:\/\/www.belgianboilercompany.com\/fr\/wp-json\/wp\/v2\/pages"}],"about":[{"href":"https:\/\/www.belgianboilercompany.com\/fr\/wp-json\/wp\/v2\/types\/page"}],"author":[{"embeddable":true,"href":"https:\/\/www.belgianboilercompany.com\/fr\/wp-json\/wp\/v2\/users\/1"}],"replies":[{"embeddable":true,"href":"https:\/\/www.belgianboilercompany.com\/fr\/wp-json\/wp\/v2\/comments?post=1382"}],"version-history":[{"count":11,"href":"https:\/\/www.belgianboilercompany.com\/fr\/wp-json\/wp\/v2\/pages\/1382\/revisions"}],"predecessor-version":[{"id":1510,"href":"https:\/\/www.belgianboilercompany.com\/fr\/wp-json\/wp\/v2\/pages\/1382\/revisions\/1510"}],"wp:attachment":[{"href":"https:\/\/www.belgianboilercompany.com\/fr\/wp-json\/wp\/v2\/media?parent=1382"}],"curies":[{"name":"wp","href":"https:\/\/api.w.org\/{rel}","templated":true}]}}