{"id":1385,"date":"2024-11-07T11:18:41","date_gmt":"2024-11-07T09:18:41","guid":{"rendered":"https:\/\/www.belgianboilercompany.com\/politique-de-confidentialite-2\/"},"modified":"2024-11-12T09:37:44","modified_gmt":"2024-11-12T07:37:44","slug":"politique-de-confidentialite","status":"publish","type":"page","link":"https:\/\/www.belgianboilercompany.com\/fr\/politique-de-confidentialite\/","title":{"rendered":"Politique de confidentialit\u00e9"},"content":{"rendered":"<section class=\"l-section wpb_row height_medium\"><div class=\"l-section-h i-cf\"><div class=\"g-cols vc_row via_flex valign_top type_default stacking_default\"><div class=\"vc_col-sm-8 wpb_column vc_column_container\"><div class=\"vc_column-inner\"><div class=\"wpb_wrapper\"><div class=\"wpb_text_column\"><div class=\"wpb_wrapper\"><h1>Politique de confidentialit\u00e9<\/h1>\n<\/div><\/div><div class=\"w-separator size_medium with_line width_default thick_1 style_solid color_border align_center\"><div class=\"w-separator-h\"><\/div><\/div><div class=\"wpb_text_column\"><div class=\"wpb_wrapper\"><h2 class=\"wp-block-heading\">Qui sommes-nous ?<\/h2>\n<p>Belgian Boiler Company NV, situ\u00e9e \u00e0 Veldmeersstraat 23, 9270 Laarne, Belgique, est responsable du traitement des donn\u00e9es \u00e0 caract\u00e8re personnel tel qu&rsquo;il est d\u00e9crit dans la pr\u00e9sente d\u00e9claration de confidentialit\u00e9.<\/p>\n<p>Coordonn\u00e9es : https:\/\/www.belgianboilercompany.com Veldmeersstraat 23, 9270 Laarne, Belgique +32 9 365 70 06<\/p>\n<p>&nbsp;<\/p>\n<h2 class=\"wp-block-heading\">Donn\u00e9es personnelles que nous traitons<\/h2>\n<p>Belgian Boiler Company NV traite vos donn\u00e9es personnelles parce que vous utilisez nos services et\/ou parce que vous nous les fournissez vous-m\u00eame. Vous trouverez ci-dessous un aper\u00e7u des donn\u00e9es personnelles que nous traitons :<\/p>\n<ul>\n<li>Voor- en achternaam<\/li>\n<li>Telefoonnummer<\/li>\n<li>E-mailadres<\/li>\n<li>IP-adres<\/li>\n<li>Internetbrowser en apparaat type<\/li>\n<\/ul>\n<p>&nbsp;<\/p>\n<h2 class=\"wp-block-heading\">Donn\u00e9es personnelles sp\u00e9ciales et\/ou sensibles que nous traitons<\/h2>\n<p>Notre site web et\/ou service n&rsquo;a pas l&rsquo;intention de collecter des donn\u00e9es sur les visiteurs du site web \u00e2g\u00e9s de moins de 16 ans. \u00c0 moins qu&rsquo;ils ne disposent d&rsquo;une autorisation parentale ou d&rsquo;un tuteur. Toutefois, nous ne pouvons pas v\u00e9rifier si un visiteur a plus de 16 ans. Nous conseillons donc aux parents de s&rsquo;impliquer dans les activit\u00e9s en ligne de leurs enfants afin d&rsquo;\u00e9viter de collecter des donn\u00e9es sur les enfants sans leur consentement. Si vous \u00eates convaincu que nous avons collect\u00e9 des donn\u00e9es personnelles sur un mineur sans ce consentement, veuillez nous contacter \u00e0 l&rsquo;adresse secretariaat@bbc-loos.be et nous supprimerons ces informations.<\/p>\n<h2>Dans quel but et sur quelle base nous traitons les donn\u00e9es \u00e0 caract\u00e8re personnel<\/h2>\n<p>&nbsp;<\/p>\n<p>Belgian Boiler Company NV traite vos donn\u00e9es \u00e0 caract\u00e8re personnel aux fins suivantes :<\/p>\n<ul>\n<li>Verzenden van onze nieuwsbrief en\/of reclamefolder<\/li>\n<li>U te kunnen bellen of e-mailen indien dit nodig is om onze dienstverlening uit te kunnen voeren<\/li>\n<li>U te informeren over wijzigingen van onze diensten en producten<\/li>\n<\/ul>\n<p>&nbsp;<\/p>\n<h2 class=\"wp-block-heading\">Dur\u00e9e de conservation des donn\u00e9es personnelles<\/h2>\n<p>Lorsque vous laissez un commentaire, ce commentaire et ses m\u00e9tadonn\u00e9es sont stock\u00e9s pour toujours. De cette mani\u00e8re, nous pouvons reconna\u00eetre et approuver automatiquement les commentaires suivants, sans avoir \u00e0 les mod\u00e9rer.<\/p>\n<p>&nbsp;<\/p>\n<h2 class=\"wp-block-heading\">Partage de donn\u00e9es personnelles avec des tiers<\/h2>\n<p>Belgian Boiler Company NV ne fournit des informations \u00e0 des tiers que lorsque cela est n\u00e9cessaire \u00e0 l&rsquo;ex\u00e9cution de notre contrat avec vous ou au respect d&rsquo;une obligation l\u00e9gale.<\/p>\n<p>&nbsp;<\/p>\n<h2 class=\"wp-block-heading\">Cookies, ou techniques similaires, que nous utilisons<\/h2>\n<p>Belgian Boiler Company NV utilise uniquement des cookies techniques et fonctionnels. Et des cookies analytiques qui ne portent pas atteinte \u00e0 votre vie priv\u00e9e. Un cookie est un petit fichier texte qui est stock\u00e9 sur votre ordinateur, tablette ou smartphone lors de votre premi\u00e8re visite sur ce site web. Les cookies que nous utilisons sont n\u00e9cessaires au fonctionnement technique du site web et \u00e0 votre facilit\u00e9 d&rsquo;utilisation. Ils garantissent le bon fonctionnement du site web et, par exemple, m\u00e9morisent vos pr\u00e9f\u00e9rences. Ils nous permettent \u00e9galement d&rsquo;optimiser notre site web. Vous pouvez refuser les cookies en param\u00e9trant votre navigateur Internet de mani\u00e8re \u00e0 ce qu&rsquo;il ne stocke plus de cookies. Vous pouvez \u00e9galement supprimer toute information pr\u00e9c\u00e9demment stock\u00e9e via les param\u00e8tres de votre navigateur.<\/p>\n<p>&nbsp;<\/p>\n<h2 class=\"wp-block-heading\">Visualiser, modifier ou supprimer des donn\u00e9es<\/h2>\n<p>Vous avez le droit de consulter, de corriger ou de supprimer vos donn\u00e9es personnelles. Vous avez \u00e9galement le droit de retirer votre \u00e9ventuel consentement au traitement des donn\u00e9es ou de vous opposer au traitement de vos donn\u00e9es personnelles par Belgian Boiler Company NV, et vous avez le droit \u00e0 la portabilit\u00e9 des donn\u00e9es. Cela signifie que vous pouvez nous demander d&rsquo;envoyer les donn\u00e9es personnelles que nous d\u00e9tenons sur vous dans un fichier informatique \u00e0 vous-m\u00eame ou \u00e0 une autre organisation que vous avez d\u00e9sign\u00e9e.<\/p>\n<p>Vous pouvez envoyer une demande de consultation, de correction, de suppression, de transfert de vos donn\u00e9es personnelles ou demander la r\u00e9vocation de votre consentement ou de votre objection au traitement de vos donn\u00e9es personnelles \u00e0 secretariaat@bbc-loos.be. Nous r\u00e9pondrons \u00e0 votre demande d\u00e8s que possible, mais dans un d\u00e9lai de quatre semaines.<\/p>\n<p>Belgian Boiler Company NV souhaite \u00e9galement vous informer que vous avez la possibilit\u00e9 de d\u00e9poser une plainte aupr\u00e8s du r\u00e9gulateur national, l&rsquo;Autorit\u00e9 de protection des donn\u00e9es (GBA).<\/p>\n<p>&nbsp;<\/p>\n<h2 class=\"wp-block-heading\">Comment nous s\u00e9curisons les donn\u00e9es personnelles<\/h2>\n<p>Belgian Boiler Company NV prend la protection de vos donn\u00e9es au s\u00e9rieux et prend des mesures appropri\u00e9es pour \u00e9viter l&rsquo;abus, la perte, l&rsquo;acc\u00e8s non autoris\u00e9, la divulgation non d\u00e9sir\u00e9e et la modification non autoris\u00e9e. Si vous avez l&rsquo;impression que vos donn\u00e9es ne sont pas correctement s\u00e9curis\u00e9es ou qu&rsquo;il existe des indices d&rsquo;abus, veuillez contacter notre service client\u00e8le ou via secretariaat@bbc-loos.be.<\/p>\n<p>&nbsp;<\/p>\n<\/div><\/div><\/div><\/div><\/div><div class=\"vc_col-sm-4 wpb_column vc_column_container\"><div class=\"vc_column-inner\"><div class=\"wpb_wrapper\"><\/div><\/div><\/div><\/div><\/div><\/section>","protected":false},"excerpt":{"rendered":"Politique de confidentialit\u00e9 Qui sommes-nous ? Belgian Boiler Company NV, situ\u00e9e \u00e0 Veldmeersstraat 23, 9270 Laarne, Belgique, est responsable du traitement des donn\u00e9es \u00e0 caract\u00e8re personnel tel qu&rsquo;il est d\u00e9crit dans la pr\u00e9sente d\u00e9claration de confidentialit\u00e9. Coordonn\u00e9es : https:\/\/www.belgianboilercompany.com Veldmeersstraat 23, 9270 Laarne, Belgique +32 9 365 70 06 &nbsp; Donn\u00e9es personnelles que nous traitons...","protected":false},"author":1,"featured_media":0,"parent":0,"menu_order":16,"comment_status":"closed","ping_status":"closed","template":"","meta":{"_acf_changed":false,"footnotes":""},"class_list":["post-1385","page","type-page","status-publish","hentry"],"acf":[],"_links":{"self":[{"href":"https:\/\/www.belgianboilercompany.com\/fr\/wp-json\/wp\/v2\/pages\/1385","targetHints":{"allow":["GET"]}}],"collection":[{"href":"https:\/\/www.belgianboilercompany.com\/fr\/wp-json\/wp\/v2\/pages"}],"about":[{"href":"https:\/\/www.belgianboilercompany.com\/fr\/wp-json\/wp\/v2\/types\/page"}],"author":[{"embeddable":true,"href":"https:\/\/www.belgianboilercompany.com\/fr\/wp-json\/wp\/v2\/users\/1"}],"replies":[{"embeddable":true,"href":"https:\/\/www.belgianboilercompany.com\/fr\/wp-json\/wp\/v2\/comments?post=1385"}],"version-history":[{"count":2,"href":"https:\/\/www.belgianboilercompany.com\/fr\/wp-json\/wp\/v2\/pages\/1385\/revisions"}],"predecessor-version":[{"id":1441,"href":"https:\/\/www.belgianboilercompany.com\/fr\/wp-json\/wp\/v2\/pages\/1385\/revisions\/1441"}],"wp:attachment":[{"href":"https:\/\/www.belgianboilercompany.com\/fr\/wp-json\/wp\/v2\/media?parent=1385"}],"curies":[{"name":"wp","href":"https:\/\/api.w.org\/{rel}","templated":true}]}}